{"id":1731,"date":"2023-10-23T17:21:11","date_gmt":"2023-10-23T17:21:11","guid":{"rendered":"https:\/\/transportbti.com\/?page_id=1731"},"modified":"2023-10-23T17:51:09","modified_gmt":"2023-10-23T17:51:09","slug":"privacy-policy","status":"publish","type":"page","link":"https:\/\/transportbti.com\/en\/politique-confidentialite\/","title":{"rendered":"Privacy policy"},"content":{"rendered":"<div data-elementor-type=\"wp-page\" data-elementor-id=\"1731\" class=\"elementor elementor-1731\" data-elementor-post-type=\"page\">\n\t\t\t\t\t\t<section class=\"elementor-section elementor-top-section elementor-element elementor-element-acaf5ba elementor-section-content-middle elementor-section-height-min-height elementor-section-boxed elementor-section-height-default elementor-section-items-middle\" data-id=\"acaf5ba\" data-element_type=\"section\" data-e-type=\"section\" data-settings=\"{&quot;background_background&quot;:&quot;classic&quot;}\">\n\t\t\t\t\t\t\t<div class=\"elementor-background-overlay\"><\/div>\n\t\t\t\t\t\t\t<div class=\"elementor-container elementor-column-gap-wider\">\n\t\t\t\t\t<div class=\"elementor-column elementor-col-100 elementor-top-column elementor-element elementor-element-7f005a8\" data-id=\"7f005a8\" data-element_type=\"column\" data-e-type=\"column\">\n\t\t\t<div class=\"elementor-widget-wrap elementor-element-populated\">\n\t\t\t\t\t\t<div class=\"elementor-element elementor-element-75bbff4 elementor-invisible elementor-widget elementor-widget-heading\" data-id=\"75bbff4\" data-element_type=\"widget\" data-e-type=\"widget\" data-settings=\"{&quot;_animation&quot;:&quot;fadeInLeft&quot;}\" data-widget_type=\"heading.default\">\n\t\t\t\t<div class=\"elementor-widget-container\">\n\t\t\t\t\t<h1 class=\"elementor-heading-title elementor-size-default\">Privacy policy<\/h1>\t\t\t\t<\/div>\n\t\t\t\t<\/div>\n\t\t\t\t<div class=\"elementor-element elementor-element-7e04c0e elementor-invisible elementor-widget elementor-widget-heading\" data-id=\"7e04c0e\" data-element_type=\"widget\" data-e-type=\"widget\" data-settings=\"{&quot;_animation&quot;:&quot;fadeInRight&quot;}\" data-widget_type=\"heading.default\">\n\t\t\t\t<div class=\"elementor-widget-container\">\n\t\t\t\t\t<h5 class=\"elementor-heading-title elementor-size-default\">At Transport BTI, we take customer respect to heart<\/h5>\t\t\t\t<\/div>\n\t\t\t\t<\/div>\n\t\t\t\t\t<\/div>\n\t\t<\/div>\n\t\t\t\t\t<\/div>\n\t\t<\/section>\n\t\t\t\t<section class=\"elementor-section elementor-top-section elementor-element elementor-element-24d8954 elementor-section-boxed elementor-section-height-default elementor-section-height-default\" data-id=\"24d8954\" data-element_type=\"section\" data-e-type=\"section\">\n\t\t\t\t\t\t<div class=\"elementor-container elementor-column-gap-default\">\n\t\t\t\t\t<div class=\"elementor-column elementor-col-100 elementor-top-column elementor-element elementor-element-8466061 elementor-invisible\" data-id=\"8466061\" data-element_type=\"column\" data-e-type=\"column\" data-settings=\"{&quot;animation&quot;:&quot;slideInLeft&quot;}\">\n\t\t\t<div class=\"elementor-widget-wrap elementor-element-populated\">\n\t\t\t\t\t\t<div class=\"elementor-element elementor-element-8a55c85 elementor-widget elementor-widget-heading\" data-id=\"8a55c85\" data-element_type=\"widget\" data-e-type=\"widget\" data-widget_type=\"heading.default\">\n\t\t\t\t<div class=\"elementor-widget-container\">\n\t\t\t\t\t<h2 class=\"elementor-heading-title elementor-size-default\">Private<\/h2>\t\t\t\t<\/div>\n\t\t\t\t<\/div>\n\t\t\t\t<section class=\"elementor-section elementor-inner-section elementor-element elementor-element-4835c28 elementor-section-boxed elementor-section-height-default elementor-section-height-default\" data-id=\"4835c28\" data-element_type=\"section\" data-e-type=\"section\">\n\t\t\t\t\t\t<div class=\"elementor-container elementor-column-gap-default\">\n\t\t\t\t\t<div class=\"elementor-column elementor-col-100 elementor-inner-column elementor-element elementor-element-2f71add\" data-id=\"2f71add\" data-element_type=\"column\" data-e-type=\"column\">\n\t\t\t<div class=\"elementor-widget-wrap elementor-element-populated\">\n\t\t\t\t\t\t<div class=\"elementor-element elementor-element-d0d71b6 elementor-widget elementor-widget-heading\" data-id=\"d0d71b6\" data-element_type=\"widget\" data-e-type=\"widget\" data-widget_type=\"heading.default\">\n\t\t\t\t<div class=\"elementor-widget-container\">\n\t\t\t\t\t<h3 class=\"elementor-heading-title elementor-size-default\">We respect your privacy<\/h3>\t\t\t\t<\/div>\n\t\t\t\t<\/div>\n\t\t\t\t<div class=\"elementor-element elementor-element-726e3f1 elementor-widget elementor-widget-text-editor\" data-id=\"726e3f1\" data-element_type=\"widget\" data-e-type=\"widget\" data-widget_type=\"text-editor.default\">\n\t\t\t\t<div class=\"elementor-widget-container\">\n\t\t\t\t\t\t\t\t\t<div>Recognizing your concerns about privacy, we have posted this Privacy Policy to inform you about the personal information we collect, how we handle it, the options you have regarding our use of your personal information, and how you can access it.<\/div><div>\u00a0<\/div><div>This Privacy Policy applies to personal information collected by us through this website.<\/div><div>\u00a0<\/div><div><strong>Collection and use of personal information<\/strong><\/div><div>You can browse our Web site without telling us who you are or revealing any personal information about yourself.<\/div><div>However, we do collect personal information when you send a comment or question to customer service by e-mail or through our chat service.<\/div><div>Customer Service When you send a comment or question to Customer Service by e-mail, we may collect personal information such as your name, postal or e-mail address and\/or telephone number in order to respond to your comment or question. We also collect various types of information that you provide to us to enable us to respond to your inquiry.<\/div><div>\u00a0<\/div><div><strong>Disclosure of personal information<\/strong><\/div><div>Except as otherwise provided herein, we will not disclose, rent, sell or transfer to third parties, or exchange with third parties, any personal information about our customers without their prior consent.<\/div><div>\u00a0<\/div><div><strong>Service providers<\/strong><\/div><div>We may share your personal information with third parties who provide services on our behalf, such as processing payments, hosting our website, sending e-mails or other communications on our behalf, running contests and promotions or analyzing the effectiveness of our advertising strategy. Your personal information may be stored and processed in the United States by our affiliates and third-party service providers.<\/div><div>These service providers are bound by non-disclosure agreements and legal restrictions governing their use of the information we provide to them, and they are not authorized to use or disclose personal information for any purpose other than to perform services on our behalf or as otherwise required by applicable law.<\/div><div>\u00a0<\/div><div><strong>Statutory obligations<\/strong><\/div><div>We and our service providers may be required to disclose your personal information in response to a search warrant or valid legal inquiry or order, or to respond to an investigative body in the case of a breach of an agreement or contravention of law, or as otherwise required by applicable law.<\/div><div>\u00a0<\/div><div><strong>Security of personal information<\/strong><\/div><div>We know that our customers trust us to protect their personal information. We take this seriously. We have taken steps to protect the personal information in our custody and control. For example, we restrict access to personal information to those of our employees and authorized service providers who require such information for the purposes described in this Privacy Policy.<\/div><div>Notwithstanding the foregoing, you should be aware that, unfortunately, no data transmission over the Internet can be considered absolutely secure. Accordingly, Transport BTI does not represent or warrant that personal information will not be lost, misused or altered, and Transport BTI assumes no responsibility or liability for any personal information you transmit to Transport BTI, nor for the use or misuse of personal information by you or any third party.<\/div><div>\u00a0<\/div><div><strong>Changes to our privacy policy<\/strong><\/div><div>This Privacy Policy may be updated periodically to reflect changes in our privacy practices. The revised Privacy Policy will be posted on the Website. We will treat your personal information in accordance with the Privacy Policy in effect at the time of collection, or as otherwise agreed with you.<\/div><div>\u00a0<\/div><div><strong>How to reach us<\/strong><\/div><div>You may contact us at any time using the contact information below if you have any questions or comments about this Privacy Policy, or if you have a complaint about how we are handling your personal information.<\/div><div>\u00a0<\/div><div><strong>Transport BTI<\/strong><\/div><div>224 route 104, Mont-Saint-Gr\u00e9goire, QC, J0J 1K0<\/div><div>Tel: (438) 870-0999<\/div><div>Tel: (514) 656-8057<\/div><div>\u00a0<a class=\"text-primary\" href=\"mailto:info@transportbti.com\" target=\"_blank\" rel=\"noopener\">info@transportbti.com<\/a><\/div>\t\t\t\t\t\t\t\t<\/div>\n\t\t\t\t<\/div>\n\t\t\t\t\t<\/div>\n\t\t<\/div>\n\t\t\t\t\t<\/div>\n\t\t<\/section>\n\t\t\t\t\t<\/div>\n\t\t<\/div>\n\t\t\t\t\t<\/div>\n\t\t<\/section>\n\t\t\t\t<\/div>","protected":false},"excerpt":{"rendered":"<p>Politique de confidentialit\u00e9 Chez Transport BTI, nous avons le respect du client \u00e0 c\u0153ur Priv\u00e9 Nous respectons votre vie priv\u00e9 Conscients de vos pr\u00e9occupations au sujet de la protection de votre vie priv\u00e9e, nous avons affich\u00e9 cette politique de confidentialit\u00e9 afin de vous informer au sujet des renseignements personnels que nous recueillons, de la mani\u00e8re [&hellip;]<\/p>\n","protected":false},"author":1,"featured_media":0,"parent":0,"menu_order":0,"comment_status":"closed","ping_status":"closed","template":"","meta":{"footnotes":""},"class_list":["post-1731","page","type-page","status-publish","hentry"],"yoast_head":"<!-- This site is optimized with the Yoast SEO plugin v27.1.1 - https:\/\/yoast.com\/product\/yoast-seo-wordpress\/ -->\n<title>Politique de confidentialit\u00e9 - Transport BTI<\/title>\n<meta name=\"robots\" content=\"index, follow, max-snippet:-1, max-image-preview:large, max-video-preview:-1\" \/>\n<link rel=\"canonical\" href=\"https:\/\/transportbti.com\/en\/privacy-policy\/\" \/>\n<meta property=\"og:locale\" content=\"en_US\" \/>\n<meta property=\"og:type\" content=\"article\" \/>\n<meta property=\"og:title\" content=\"Politique de confidentialit\u00e9 - Transport BTI\" \/>\n<meta property=\"og:description\" content=\"Politique de confidentialit\u00e9 Chez Transport BTI, nous avons le respect du client \u00e0 c\u0153ur Priv\u00e9 Nous respectons votre vie priv\u00e9 Conscients de vos pr\u00e9occupations au sujet de la protection de votre vie priv\u00e9e, nous avons affich\u00e9 cette politique de confidentialit\u00e9 afin de vous informer au sujet des renseignements personnels que nous recueillons, de la mani\u00e8re [&hellip;]\" \/>\n<meta property=\"og:url\" content=\"https:\/\/transportbti.com\/en\/privacy-policy\/\" \/>\n<meta property=\"og:site_name\" content=\"Transport BTI\" \/>\n<meta property=\"article:modified_time\" content=\"2023-10-23T17:51:09+00:00\" \/>\n<meta name=\"twitter:card\" content=\"summary_large_image\" \/>\n<meta name=\"twitter:label1\" content=\"Est. reading time\" \/>\n\t<meta name=\"twitter:data1\" content=\"4 minutes\" \/>\n<script type=\"application\/ld+json\" class=\"yoast-schema-graph\">{\"@context\":\"https:\/\/schema.org\",\"@graph\":[{\"@type\":\"WebPage\",\"@id\":\"https:\/\/transportbti.com\/es\/politica-de-privacidad\/\",\"url\":\"https:\/\/transportbti.com\/es\/politica-de-privacidad\/\",\"name\":\"Politique de confidentialit\u00e9 - Transport BTI\",\"isPartOf\":{\"@id\":\"https:\/\/transportbti.com\/#website\"},\"datePublished\":\"2023-10-23T17:21:11+00:00\",\"dateModified\":\"2023-10-23T17:51:09+00:00\",\"breadcrumb\":{\"@id\":\"https:\/\/transportbti.com\/es\/politica-de-privacidad\/#breadcrumb\"},\"inLanguage\":\"en-US\",\"potentialAction\":[{\"@type\":\"ReadAction\",\"target\":[\"https:\/\/transportbti.com\/es\/politica-de-privacidad\/\"]}]},{\"@type\":\"BreadcrumbList\",\"@id\":\"https:\/\/transportbti.com\/es\/politica-de-privacidad\/#breadcrumb\",\"itemListElement\":[{\"@type\":\"ListItem\",\"position\":1,\"name\":\"Accueil\",\"item\":\"https:\/\/transportbti.com\/\"},{\"@type\":\"ListItem\",\"position\":2,\"name\":\"Politique de confidentialit\u00e9\"}]},{\"@type\":\"WebSite\",\"@id\":\"https:\/\/transportbti.com\/#website\",\"url\":\"https:\/\/transportbti.com\/\",\"name\":\"Transport BTI\",\"description\":\"Partenaire logistique\",\"publisher\":{\"@id\":\"https:\/\/transportbti.com\/#organization\"},\"potentialAction\":[{\"@type\":\"SearchAction\",\"target\":{\"@type\":\"EntryPoint\",\"urlTemplate\":\"https:\/\/transportbti.com\/?s={search_term_string}\"},\"query-input\":{\"@type\":\"PropertyValueSpecification\",\"valueRequired\":true,\"valueName\":\"search_term_string\"}}],\"inLanguage\":\"en-US\"},{\"@type\":\"Organization\",\"@id\":\"https:\/\/transportbti.com\/#organization\",\"name\":\"Transport BTI\",\"url\":\"https:\/\/transportbti.com\/\",\"logo\":{\"@type\":\"ImageObject\",\"inLanguage\":\"en-US\",\"@id\":\"https:\/\/transportbti.com\/#\/schema\/logo\/image\/\",\"url\":\"https:\/\/i0.wp.com\/transportbti.com\/wp-content\/uploads\/2023\/11\/compagnie-transport-logistique.png?fit=1366%2C768&ssl=1\",\"contentUrl\":\"https:\/\/i0.wp.com\/transportbti.com\/wp-content\/uploads\/2023\/11\/compagnie-transport-logistique.png?fit=1366%2C768&ssl=1\",\"width\":1366,\"height\":768,\"caption\":\"Transport BTI\"},\"image\":{\"@id\":\"https:\/\/transportbti.com\/#\/schema\/logo\/image\/\"}}]}<\/script>\n<!-- \/ Yoast SEO plugin. -->","yoast_head_json":{"title":"Privacy policy - Transport BTI","robots":{"index":"index","follow":"follow","max-snippet":"max-snippet:-1","max-image-preview":"max-image-preview:large","max-video-preview":"max-video-preview:-1"},"canonical":"https:\/\/transportbti.com\/en\/privacy-policy\/","og_locale":"en_US","og_type":"article","og_title":"Politique de confidentialit\u00e9 - Transport BTI","og_description":"Politique de confidentialit\u00e9 Chez Transport BTI, nous avons le respect du client \u00e0 c\u0153ur Priv\u00e9 Nous respectons votre vie priv\u00e9 Conscients de vos pr\u00e9occupations au sujet de la protection de votre vie priv\u00e9e, nous avons affich\u00e9 cette politique de confidentialit\u00e9 afin de vous informer au sujet des renseignements personnels que nous recueillons, de la mani\u00e8re [&hellip;]","og_url":"https:\/\/transportbti.com\/en\/privacy-policy\/","og_site_name":"Transport BTI","article_modified_time":"2023-10-23T17:51:09+00:00","twitter_card":"summary_large_image","twitter_misc":{"Est. reading time":"4 minutes"},"schema":{"@context":"https:\/\/schema.org","@graph":[{"@type":"WebPage","@id":"https:\/\/transportbti.com\/es\/politica-de-privacidad\/","url":"https:\/\/transportbti.com\/es\/politica-de-privacidad\/","name":"Privacy policy - Transport BTI","isPartOf":{"@id":"https:\/\/transportbti.com\/#website"},"datePublished":"2023-10-23T17:21:11+00:00","dateModified":"2023-10-23T17:51:09+00:00","breadcrumb":{"@id":"https:\/\/transportbti.com\/es\/politica-de-privacidad\/#breadcrumb"},"inLanguage":"en-US","potentialAction":[{"@type":"ReadAction","target":["https:\/\/transportbti.com\/es\/politica-de-privacidad\/"]}]},{"@type":"BreadcrumbList","@id":"https:\/\/transportbti.com\/es\/politica-de-privacidad\/#breadcrumb","itemListElement":[{"@type":"ListItem","position":1,"name":"Accueil","item":"https:\/\/transportbti.com\/"},{"@type":"ListItem","position":2,"name":"Politique de confidentialit\u00e9"}]},{"@type":"WebSite","@id":"https:\/\/transportbti.com\/#website","url":"https:\/\/transportbti.com\/","name":"Transport BTI","description":"Logistics partner","publisher":{"@id":"https:\/\/transportbti.com\/#organization"},"potentialAction":[{"@type":"SearchAction","target":{"@type":"EntryPoint","urlTemplate":"https:\/\/transportbti.com\/?s={search_term_string}"},"query-input":{"@type":"PropertyValueSpecification","valueRequired":true,"valueName":"search_term_string"}}],"inLanguage":"en-US"},{"@type":"Organization","@id":"https:\/\/transportbti.com\/#organization","name":"Transport BTI","url":"https:\/\/transportbti.com\/","logo":{"@type":"ImageObject","inLanguage":"en-US","@id":"https:\/\/transportbti.com\/#\/schema\/logo\/image\/","url":"https:\/\/i0.wp.com\/transportbti.com\/wp-content\/uploads\/2023\/11\/compagnie-transport-logistique.png?fit=1366%2C768&ssl=1","contentUrl":"https:\/\/i0.wp.com\/transportbti.com\/wp-content\/uploads\/2023\/11\/compagnie-transport-logistique.png?fit=1366%2C768&ssl=1","width":1366,"height":768,"caption":"Transport BTI"},"image":{"@id":"https:\/\/transportbti.com\/#\/schema\/logo\/image\/"}}]}},"jetpack_sharing_enabled":true,"_links":{"self":[{"href":"https:\/\/transportbti.com\/en\/wp-json\/wp\/v2\/pages\/1731","targetHints":{"allow":["GET"]}}],"collection":[{"href":"https:\/\/transportbti.com\/en\/wp-json\/wp\/v2\/pages"}],"about":[{"href":"https:\/\/transportbti.com\/en\/wp-json\/wp\/v2\/types\/page"}],"author":[{"embeddable":true,"href":"https:\/\/transportbti.com\/en\/wp-json\/wp\/v2\/users\/1"}],"replies":[{"embeddable":true,"href":"https:\/\/transportbti.com\/en\/wp-json\/wp\/v2\/comments?post=1731"}],"version-history":[{"count":7,"href":"https:\/\/transportbti.com\/en\/wp-json\/wp\/v2\/pages\/1731\/revisions"}],"predecessor-version":[{"id":1751,"href":"https:\/\/transportbti.com\/en\/wp-json\/wp\/v2\/pages\/1731\/revisions\/1751"}],"wp:attachment":[{"href":"https:\/\/transportbti.com\/en\/wp-json\/wp\/v2\/media?parent=1731"}],"curies":[{"name":"wp","href":"https:\/\/api.w.org\/{rel}","templated":true}]}}