{"id":1738,"date":"2023-10-23T17:38:40","date_gmt":"2023-10-23T17:38:40","guid":{"rendered":"https:\/\/transportbti.com\/?page_id=1738"},"modified":"2023-11-08T19:29:06","modified_gmt":"2023-11-08T19:29:06","slug":"terms-conditions","status":"publish","type":"page","link":"https:\/\/transportbti.com\/en\/termes-conditions\/","title":{"rendered":"Terms and conditions"},"content":{"rendered":"<div data-elementor-type=\"wp-page\" data-elementor-id=\"1738\" class=\"elementor elementor-1738\" data-elementor-post-type=\"page\">\n\t\t\t\t\t\t<section class=\"elementor-section elementor-top-section elementor-element elementor-element-4c2633a elementor-section-content-middle elementor-section-height-min-height elementor-section-boxed elementor-section-height-default elementor-section-items-middle\" data-id=\"4c2633a\" data-element_type=\"section\" data-e-type=\"section\" data-settings=\"{&quot;background_background&quot;:&quot;classic&quot;}\">\n\t\t\t\t\t\t\t<div class=\"elementor-background-overlay\"><\/div>\n\t\t\t\t\t\t\t<div class=\"elementor-container elementor-column-gap-wider\">\n\t\t\t\t\t<div class=\"elementor-column elementor-col-100 elementor-top-column elementor-element elementor-element-7d09cc0\" data-id=\"7d09cc0\" data-element_type=\"column\" data-e-type=\"column\">\n\t\t\t<div class=\"elementor-widget-wrap elementor-element-populated\">\n\t\t\t\t\t<div class=\"elementor-background-overlay\"><\/div>\n\t\t\t\t\t\t<div class=\"elementor-element elementor-element-1a1c965 elementor-invisible elementor-widget elementor-widget-heading\" data-id=\"1a1c965\" data-element_type=\"widget\" data-e-type=\"widget\" data-settings=\"{&quot;_animation&quot;:&quot;fadeInLeft&quot;}\" data-widget_type=\"heading.default\">\n\t\t\t\t<div class=\"elementor-widget-container\">\n\t\t\t\t\t<h1 class=\"elementor-heading-title elementor-size-default\">Terms and conditions<\/h1>\t\t\t\t<\/div>\n\t\t\t\t<\/div>\n\t\t\t\t\t<\/div>\n\t\t<\/div>\n\t\t\t\t\t<\/div>\n\t\t<\/section>\n\t\t\t\t<section class=\"elementor-section elementor-top-section elementor-element elementor-element-03a3195 elementor-section-boxed elementor-section-height-default elementor-section-height-default\" data-id=\"03a3195\" data-element_type=\"section\" data-e-type=\"section\">\n\t\t\t\t\t\t<div class=\"elementor-container elementor-column-gap-default\">\n\t\t\t\t\t<div class=\"elementor-column elementor-col-100 elementor-top-column elementor-element elementor-element-f04332d elementor-invisible\" data-id=\"f04332d\" data-element_type=\"column\" data-e-type=\"column\" data-settings=\"{&quot;animation&quot;:&quot;slideInLeft&quot;}\">\n\t\t\t<div class=\"elementor-widget-wrap elementor-element-populated\">\n\t\t\t\t\t\t<div class=\"elementor-element elementor-element-cfbbf30 elementor-widget elementor-widget-heading\" data-id=\"cfbbf30\" data-element_type=\"widget\" data-e-type=\"widget\" data-widget_type=\"heading.default\">\n\t\t\t\t<div class=\"elementor-widget-container\">\n\t\t\t\t\t<h2 class=\"elementor-heading-title elementor-size-default\">Terms<\/h2>\t\t\t\t<\/div>\n\t\t\t\t<\/div>\n\t\t\t\t<section class=\"elementor-section elementor-inner-section elementor-element elementor-element-15053f5 elementor-section-boxed elementor-section-height-default elementor-section-height-default\" data-id=\"15053f5\" data-element_type=\"section\" data-e-type=\"section\">\n\t\t\t\t\t\t<div class=\"elementor-container elementor-column-gap-default\">\n\t\t\t\t\t<div class=\"elementor-column elementor-col-100 elementor-inner-column elementor-element elementor-element-b2484cd\" data-id=\"b2484cd\" data-element_type=\"column\" data-e-type=\"column\">\n\t\t\t<div class=\"elementor-widget-wrap elementor-element-populated\">\n\t\t\t\t\t\t<div class=\"elementor-element elementor-element-c0a9c6c elementor-widget elementor-widget-heading\" data-id=\"c0a9c6c\" data-element_type=\"widget\" data-e-type=\"widget\" data-widget_type=\"heading.default\">\n\t\t\t\t<div class=\"elementor-widget-container\">\n\t\t\t\t\t<h3 class=\"elementor-heading-title elementor-size-default\">Terms and conditions<\/h3>\t\t\t\t<\/div>\n\t\t\t\t<\/div>\n\t\t\t\t<div class=\"elementor-element elementor-element-e1a0d72 elementor-widget elementor-widget-text-editor\" data-id=\"e1a0d72\" data-element_type=\"widget\" data-e-type=\"widget\" data-widget_type=\"text-editor.default\">\n\t\t\t\t<div class=\"elementor-widget-container\">\n\t\t\t\t\t\t\t\t\t<div><p>Transport BTI is not responsible for loss or damage to cargo.<\/p><p>Responsibility for loss or damage to cargo lies with the carrier involved.<\/p><p>The carrier's maximum liability is 2.00$\/lb or 4.41$\/kg unless a declared value is shown on the bill of lading and additional freight charges are paid.<\/p><p>In the event that Transport BTI may be held liable, Transport BTI's maximum liability for loss or damage to cargo is 2.00$\/lb or 4.41$\/kg.<\/p><\/div>\t\t\t\t\t\t\t\t<\/div>\n\t\t\t\t<\/div>\n\t\t\t\t\t<\/div>\n\t\t<\/div>\n\t\t\t\t\t<\/div>\n\t\t<\/section>\n\t\t\t\t\t<\/div>\n\t\t<\/div>\n\t\t\t\t\t<\/div>\n\t\t<\/section>\n\t\t\t\t<section class=\"elementor-section elementor-top-section elementor-element elementor-element-bd59717 elementor-section-boxed elementor-section-height-default elementor-section-height-default\" data-id=\"bd59717\" data-element_type=\"section\" data-e-type=\"section\">\n\t\t\t\t\t\t<div class=\"elementor-container elementor-column-gap-default\">\n\t\t\t\t\t<div class=\"elementor-column elementor-col-100 elementor-top-column elementor-element elementor-element-7c986a1 elementor-invisible\" data-id=\"7c986a1\" data-element_type=\"column\" data-e-type=\"column\" data-settings=\"{&quot;animation&quot;:&quot;slideInLeft&quot;}\">\n\t\t\t<div class=\"elementor-widget-wrap elementor-element-populated\">\n\t\t\t\t\t\t<div class=\"elementor-element elementor-element-df7ef63 elementor-widget elementor-widget-heading\" data-id=\"df7ef63\" data-element_type=\"widget\" data-e-type=\"widget\" data-widget_type=\"heading.default\">\n\t\t\t\t<div class=\"elementor-widget-container\">\n\t\t\t\t\t<h2 class=\"elementor-heading-title elementor-size-default\">Conditions<\/h2>\t\t\t\t<\/div>\n\t\t\t\t<\/div>\n\t\t\t\t<section class=\"elementor-section elementor-inner-section elementor-element elementor-element-a834be1 elementor-section-boxed elementor-section-height-default elementor-section-height-default\" data-id=\"a834be1\" data-element_type=\"section\" data-e-type=\"section\">\n\t\t\t\t\t\t<div class=\"elementor-container elementor-column-gap-default\">\n\t\t\t\t\t<div class=\"elementor-column elementor-col-100 elementor-inner-column elementor-element elementor-element-d2e9f34\" data-id=\"d2e9f34\" data-element_type=\"column\" data-e-type=\"column\">\n\t\t\t<div class=\"elementor-widget-wrap elementor-element-populated\">\n\t\t\t\t\t\t<div class=\"elementor-element elementor-element-1acc7cc elementor-widget elementor-widget-heading\" data-id=\"1acc7cc\" data-element_type=\"widget\" data-e-type=\"widget\" data-widget_type=\"heading.default\">\n\t\t\t\t<div class=\"elementor-widget-container\">\n\t\t\t\t\t<h3 class=\"elementor-heading-title elementor-size-default\">Terms of use<\/h3>\t\t\t\t<\/div>\n\t\t\t\t<\/div>\n\t\t\t\t<div class=\"elementor-element elementor-element-3bfacfe elementor-widget elementor-widget-text-editor\" data-id=\"3bfacfe\" data-element_type=\"widget\" data-e-type=\"widget\" data-widget_type=\"text-editor.default\">\n\t\t\t\t<div class=\"elementor-widget-container\">\n\t\t\t\t\t\t\t\t\t<div>Welcome to the Transport BTI website. Please read these terms of use carefully before using the website or the services. By accessing and using the website or services, you agree to be bound by these terms and conditions in their entirety. If you do not accept these terms of use, you must not access the website or download any of its content.<\/div><div>\u00a0<\/div><div><strong>Ownership \/ Restrictions on use\u00a0<\/strong><\/div><div>Transport BTI owns and operates the website. All content, data, graphics, photographs, images, sounds, videos, software, trademarks, service marks, trade names and other information (collectively, the \"Content\") contained on this website are the property of Transport BTI, its affiliates and\/or third party licensors. The Content is protected by Canadian and international copyright and trademark laws.<\/div><div>\u00a0<\/div><div>Except as provided herein, you may not modify, copy, reproduce, publish, display, transmit, distribute, display on screen, perform, transfer, sell or create derivative works from the Content without the express prior written consent of Transport BTI. You may download, print and reproduce the Content for your own informational purposes, provided that you retain all copyright and other proprietary rights notices contained in the Content and that you cite its URL. It is strictly forbidden to reproduce all or part of the content in multiple copies, for resale or distribution purposes, without the prior written permission of Transport BTI. If you would like written permission to reproduce content, please contact us at\u00a0<a class=\"text-primary\" href=\"mailto:info@transportbti.com\" target=\"_blank\" rel=\"noopener\">info@transportbti.com\u00a0<\/a><\/div><div>\u00a0<\/div><div><strong>Disclaimer \/ Limitation of liability<\/strong><\/div><div>Although we do our best to update and maintain the content of the website, errors and\/or omissions may occur.<\/div><div>Accordingly, this site, including the content and services provided, is provided to you \"as is\" and without warranties of any kind, either express or implied. Transport BTI disclaims all warranties, express or implied, including, but not limited to, implied warranties and conditions of merchantability, fitness for a particular purpose, non-infringement. Transport BTI does not warrant that the functions contained in this site will be uninterrupted or free of errors, viruses or other harmful components.\u00a0<\/div><div>\u00a0<\/div><div>In no event shall Transport BTI be liable for any direct, indirect, incidental, special or consequential damages arising out of or in connection with the use of this website or the content or services or the inability to use the same, even if Transport BTI has been advised of the possibility of such damages. Applicable law may not allow the limitation or exclusion of liability for incidental or consequential damages, so the above limitation or exclusion may NOT APPLY TO YOU.<\/div><div>\u00a0<\/div><div><strong>Confidentiality of personal information<\/strong><\/div><div>Transport BTI respects your right to privacy of your personal information. Please see our Privacy Policy for more information on how we collect, use, disclose and otherwise manage your personal information.<\/div><div>\u00a0<\/div><div><strong>Applicable laws\u00a0<\/strong><\/div><div>These Terms of Use shall be governed by and construed in accordance with the laws of the province and the laws of the country applicable therein, and any disputes shall be submitted to a court of competent jurisdiction in the judicial district of the City where the contract was signed. If any provision of these Terms of Use shall be unlawful, void or for any reason unenforceable, then that provision shall be severable from the rest of these Terms of Use and shall not affect the validity and enforceability of any remaining provisions.\u00a0<\/div><div>These Terms of Use and any other legal notices or statements posted on the website constitute the entire agreement between you and Transport BTI with respect to the use of the website, including its content.\u00a0<\/div><div>\u00a0<\/div><div><strong>Notice\u00a0<\/strong><\/div><div>If you have any questions or comments regarding these Terms of Use, please contact\u00a0<a class=\"text-warning\" href=\"mailto:info@transportbti.com\" target=\"_blank\" rel=\"noopener\">info@transportbti.com<\/a>\u00a0<\/div>\t\t\t\t\t\t\t\t<\/div>\n\t\t\t\t<\/div>\n\t\t\t\t\t<\/div>\n\t\t<\/div>\n\t\t\t\t\t<\/div>\n\t\t<\/section>\n\t\t\t\t\t<\/div>\n\t\t<\/div>\n\t\t\t\t\t<\/div>\n\t\t<\/section>\n\t\t\t\t<\/div>","protected":false},"excerpt":{"rendered":"<p>Termes et conditions Termes Termes et conditions Transport BTI n\u2019est pas responsable des pertes ou dommages caus\u00e9s \u00e0 la cargaison. La responsabilit\u00e9 de la perte ou de l\u2019endommagement de la cargaison incombe au transporteur engag\u00e9. La responsabilit\u00e9 maximale du transporteur est 2.00$\/lb ou 4.41$\/kg \u00e0 moins qu\u2019une valeur d\u00e9clar\u00e9e ne figure au connaissement et que [&hellip;]<\/p>\n","protected":false},"author":1,"featured_media":0,"parent":0,"menu_order":0,"comment_status":"closed","ping_status":"closed","template":"","meta":{"footnotes":""},"class_list":["post-1738","page","type-page","status-publish","hentry"],"yoast_head":"<!-- This site is optimized with the Yoast SEO plugin v27.1.1 - https:\/\/yoast.com\/product\/yoast-seo-wordpress\/ -->\n<title>Termes et conditions - Transport BTI<\/title>\n<meta name=\"robots\" content=\"index, follow, max-snippet:-1, max-image-preview:large, max-video-preview:-1\" \/>\n<link rel=\"canonical\" href=\"https:\/\/transportbti.com\/en\/terms-conditions\/\" \/>\n<meta property=\"og:locale\" content=\"en_US\" \/>\n<meta property=\"og:type\" content=\"article\" \/>\n<meta property=\"og:title\" content=\"Termes et conditions - Transport BTI\" \/>\n<meta property=\"og:description\" content=\"Termes et conditions Termes Termes et conditions Transport BTI n\u2019est pas responsable des pertes ou dommages caus\u00e9s \u00e0 la cargaison. La responsabilit\u00e9 de la perte ou de l\u2019endommagement de la cargaison incombe au transporteur engag\u00e9. La responsabilit\u00e9 maximale du transporteur est 2.00$\/lb ou 4.41$\/kg \u00e0 moins qu\u2019une valeur d\u00e9clar\u00e9e ne figure au connaissement et que [&hellip;]\" \/>\n<meta property=\"og:url\" content=\"https:\/\/transportbti.com\/en\/terms-conditions\/\" \/>\n<meta property=\"og:site_name\" content=\"Transport BTI\" \/>\n<meta property=\"article:modified_time\" content=\"2023-11-08T19:29:06+00:00\" \/>\n<meta name=\"twitter:card\" content=\"summary_large_image\" \/>\n<meta name=\"twitter:label1\" content=\"Est. reading time\" \/>\n\t<meta name=\"twitter:data1\" content=\"4 minutes\" \/>\n<script type=\"application\/ld+json\" class=\"yoast-schema-graph\">{\"@context\":\"https:\/\/schema.org\",\"@graph\":[{\"@type\":\"WebPage\",\"@id\":\"https:\/\/transportbti.com\/termes-conditions\/\",\"url\":\"https:\/\/transportbti.com\/termes-conditions\/\",\"name\":\"Termes et conditions - Transport BTI\",\"isPartOf\":{\"@id\":\"https:\/\/transportbti.com\/#website\"},\"datePublished\":\"2023-10-23T17:38:40+00:00\",\"dateModified\":\"2023-11-08T19:29:06+00:00\",\"breadcrumb\":{\"@id\":\"https:\/\/transportbti.com\/termes-conditions\/#breadcrumb\"},\"inLanguage\":\"en-US\",\"potentialAction\":[{\"@type\":\"ReadAction\",\"target\":[\"https:\/\/transportbti.com\/termes-conditions\/\"]}]},{\"@type\":\"BreadcrumbList\",\"@id\":\"https:\/\/transportbti.com\/termes-conditions\/#breadcrumb\",\"itemListElement\":[{\"@type\":\"ListItem\",\"position\":1,\"name\":\"Accueil\",\"item\":\"https:\/\/transportbti.com\/\"},{\"@type\":\"ListItem\",\"position\":2,\"name\":\"Termes et conditions\"}]},{\"@type\":\"WebSite\",\"@id\":\"https:\/\/transportbti.com\/#website\",\"url\":\"https:\/\/transportbti.com\/\",\"name\":\"Transport BTI\",\"description\":\"Partenaire logistique\",\"publisher\":{\"@id\":\"https:\/\/transportbti.com\/#organization\"},\"potentialAction\":[{\"@type\":\"SearchAction\",\"target\":{\"@type\":\"EntryPoint\",\"urlTemplate\":\"https:\/\/transportbti.com\/?s={search_term_string}\"},\"query-input\":{\"@type\":\"PropertyValueSpecification\",\"valueRequired\":true,\"valueName\":\"search_term_string\"}}],\"inLanguage\":\"en-US\"},{\"@type\":\"Organization\",\"@id\":\"https:\/\/transportbti.com\/#organization\",\"name\":\"Transport BTI\",\"url\":\"https:\/\/transportbti.com\/\",\"logo\":{\"@type\":\"ImageObject\",\"inLanguage\":\"en-US\",\"@id\":\"https:\/\/transportbti.com\/#\/schema\/logo\/image\/\",\"url\":\"https:\/\/i0.wp.com\/transportbti.com\/wp-content\/uploads\/2023\/11\/compagnie-transport-logistique.png?fit=1366%2C768&ssl=1\",\"contentUrl\":\"https:\/\/i0.wp.com\/transportbti.com\/wp-content\/uploads\/2023\/11\/compagnie-transport-logistique.png?fit=1366%2C768&ssl=1\",\"width\":1366,\"height\":768,\"caption\":\"Transport BTI\"},\"image\":{\"@id\":\"https:\/\/transportbti.com\/#\/schema\/logo\/image\/\"}}]}<\/script>\n<!-- \/ Yoast SEO plugin. -->","yoast_head_json":{"title":"Terms and conditions - Transport BTI","robots":{"index":"index","follow":"follow","max-snippet":"max-snippet:-1","max-image-preview":"max-image-preview:large","max-video-preview":"max-video-preview:-1"},"canonical":"https:\/\/transportbti.com\/en\/terms-conditions\/","og_locale":"en_US","og_type":"article","og_title":"Termes et conditions - Transport BTI","og_description":"Termes et conditions Termes Termes et conditions Transport BTI n\u2019est pas responsable des pertes ou dommages caus\u00e9s \u00e0 la cargaison. La responsabilit\u00e9 de la perte ou de l\u2019endommagement de la cargaison incombe au transporteur engag\u00e9. La responsabilit\u00e9 maximale du transporteur est 2.00$\/lb ou 4.41$\/kg \u00e0 moins qu\u2019une valeur d\u00e9clar\u00e9e ne figure au connaissement et que [&hellip;]","og_url":"https:\/\/transportbti.com\/en\/terms-conditions\/","og_site_name":"Transport BTI","article_modified_time":"2023-11-08T19:29:06+00:00","twitter_card":"summary_large_image","twitter_misc":{"Est. reading time":"4 minutes"},"schema":{"@context":"https:\/\/schema.org","@graph":[{"@type":"WebPage","@id":"https:\/\/transportbti.com\/termes-conditions\/","url":"https:\/\/transportbti.com\/termes-conditions\/","name":"Terms and conditions - Transport BTI","isPartOf":{"@id":"https:\/\/transportbti.com\/#website"},"datePublished":"2023-10-23T17:38:40+00:00","dateModified":"2023-11-08T19:29:06+00:00","breadcrumb":{"@id":"https:\/\/transportbti.com\/termes-conditions\/#breadcrumb"},"inLanguage":"en-US","potentialAction":[{"@type":"ReadAction","target":["https:\/\/transportbti.com\/termes-conditions\/"]}]},{"@type":"BreadcrumbList","@id":"https:\/\/transportbti.com\/termes-conditions\/#breadcrumb","itemListElement":[{"@type":"ListItem","position":1,"name":"Accueil","item":"https:\/\/transportbti.com\/"},{"@type":"ListItem","position":2,"name":"Termes et conditions"}]},{"@type":"WebSite","@id":"https:\/\/transportbti.com\/#website","url":"https:\/\/transportbti.com\/","name":"Transport BTI","description":"Logistics partner","publisher":{"@id":"https:\/\/transportbti.com\/#organization"},"potentialAction":[{"@type":"SearchAction","target":{"@type":"EntryPoint","urlTemplate":"https:\/\/transportbti.com\/?s={search_term_string}"},"query-input":{"@type":"PropertyValueSpecification","valueRequired":true,"valueName":"search_term_string"}}],"inLanguage":"en-US"},{"@type":"Organization","@id":"https:\/\/transportbti.com\/#organization","name":"Transport BTI","url":"https:\/\/transportbti.com\/","logo":{"@type":"ImageObject","inLanguage":"en-US","@id":"https:\/\/transportbti.com\/#\/schema\/logo\/image\/","url":"https:\/\/i0.wp.com\/transportbti.com\/wp-content\/uploads\/2023\/11\/compagnie-transport-logistique.png?fit=1366%2C768&ssl=1","contentUrl":"https:\/\/i0.wp.com\/transportbti.com\/wp-content\/uploads\/2023\/11\/compagnie-transport-logistique.png?fit=1366%2C768&ssl=1","width":1366,"height":768,"caption":"Transport BTI"},"image":{"@id":"https:\/\/transportbti.com\/#\/schema\/logo\/image\/"}}]}},"jetpack_sharing_enabled":true,"_links":{"self":[{"href":"https:\/\/transportbti.com\/en\/wp-json\/wp\/v2\/pages\/1738","targetHints":{"allow":["GET"]}}],"collection":[{"href":"https:\/\/transportbti.com\/en\/wp-json\/wp\/v2\/pages"}],"about":[{"href":"https:\/\/transportbti.com\/en\/wp-json\/wp\/v2\/types\/page"}],"author":[{"embeddable":true,"href":"https:\/\/transportbti.com\/en\/wp-json\/wp\/v2\/users\/1"}],"replies":[{"embeddable":true,"href":"https:\/\/transportbti.com\/en\/wp-json\/wp\/v2\/comments?post=1738"}],"version-history":[{"count":7,"href":"https:\/\/transportbti.com\/en\/wp-json\/wp\/v2\/pages\/1738\/revisions"}],"predecessor-version":[{"id":1981,"href":"https:\/\/transportbti.com\/en\/wp-json\/wp\/v2\/pages\/1738\/revisions\/1981"}],"wp:attachment":[{"href":"https:\/\/transportbti.com\/en\/wp-json\/wp\/v2\/media?parent=1738"}],"curies":[{"name":"wp","href":"https:\/\/api.w.org\/{rel}","templated":true}]}}