{"id":1731,"date":"2023-10-23T17:21:11","date_gmt":"2023-10-23T17:21:11","guid":{"rendered":"https:\/\/transportbti.com\/?page_id=1731"},"modified":"2023-10-23T17:51:09","modified_gmt":"2023-10-23T17:51:09","slug":"politica-de-privacidad","status":"publish","type":"page","link":"https:\/\/transportbti.com\/es\/politique-confidentialite\/","title":{"rendered":"Pol\u00edtica de privacidad"},"content":{"rendered":"<div data-elementor-type=\"wp-page\" data-elementor-id=\"1731\" class=\"elementor elementor-1731\" data-elementor-post-type=\"page\">\n\t\t\t\t\t\t<section class=\"elementor-section elementor-top-section elementor-element elementor-element-acaf5ba elementor-section-content-middle elementor-section-height-min-height elementor-section-boxed elementor-section-height-default elementor-section-items-middle\" data-id=\"acaf5ba\" data-element_type=\"section\" data-e-type=\"section\" data-settings=\"{&quot;background_background&quot;:&quot;classic&quot;}\">\n\t\t\t\t\t\t\t<div class=\"elementor-background-overlay\"><\/div>\n\t\t\t\t\t\t\t<div class=\"elementor-container elementor-column-gap-wider\">\n\t\t\t\t\t<div class=\"elementor-column elementor-col-100 elementor-top-column elementor-element elementor-element-7f005a8\" data-id=\"7f005a8\" data-element_type=\"column\" data-e-type=\"column\">\n\t\t\t<div class=\"elementor-widget-wrap elementor-element-populated\">\n\t\t\t\t\t\t<div class=\"elementor-element elementor-element-75bbff4 elementor-invisible elementor-widget elementor-widget-heading\" data-id=\"75bbff4\" data-element_type=\"widget\" data-e-type=\"widget\" data-settings=\"{&quot;_animation&quot;:&quot;fadeInLeft&quot;}\" data-widget_type=\"heading.default\">\n\t\t\t\t<div class=\"elementor-widget-container\">\n\t\t\t\t\t<h1 class=\"elementor-heading-title elementor-size-default\">Pol\u00edtica de privacidad<\/h1>\t\t\t\t<\/div>\n\t\t\t\t<\/div>\n\t\t\t\t<div class=\"elementor-element elementor-element-7e04c0e elementor-invisible elementor-widget elementor-widget-heading\" data-id=\"7e04c0e\" data-element_type=\"widget\" data-e-type=\"widget\" data-settings=\"{&quot;_animation&quot;:&quot;fadeInRight&quot;}\" data-widget_type=\"heading.default\">\n\t\t\t\t<div class=\"elementor-widget-container\">\n\t\t\t\t\t<h5 class=\"elementor-heading-title elementor-size-default\">En Transport BTI nos tomamos muy en serio el respeto al cliente<\/h5>\t\t\t\t<\/div>\n\t\t\t\t<\/div>\n\t\t\t\t\t<\/div>\n\t\t<\/div>\n\t\t\t\t\t<\/div>\n\t\t<\/section>\n\t\t\t\t<section class=\"elementor-section elementor-top-section elementor-element elementor-element-24d8954 elementor-section-boxed elementor-section-height-default elementor-section-height-default\" data-id=\"24d8954\" data-element_type=\"section\" data-e-type=\"section\">\n\t\t\t\t\t\t<div class=\"elementor-container elementor-column-gap-default\">\n\t\t\t\t\t<div class=\"elementor-column elementor-col-100 elementor-top-column elementor-element elementor-element-8466061 elementor-invisible\" data-id=\"8466061\" data-element_type=\"column\" data-e-type=\"column\" data-settings=\"{&quot;animation&quot;:&quot;slideInLeft&quot;}\">\n\t\t\t<div class=\"elementor-widget-wrap elementor-element-populated\">\n\t\t\t\t\t\t<div class=\"elementor-element elementor-element-8a55c85 elementor-widget elementor-widget-heading\" data-id=\"8a55c85\" data-element_type=\"widget\" data-e-type=\"widget\" data-widget_type=\"heading.default\">\n\t\t\t\t<div class=\"elementor-widget-container\">\n\t\t\t\t\t<h2 class=\"elementor-heading-title elementor-size-default\">Privado<\/h2>\t\t\t\t<\/div>\n\t\t\t\t<\/div>\n\t\t\t\t<section class=\"elementor-section elementor-inner-section elementor-element elementor-element-4835c28 elementor-section-boxed elementor-section-height-default elementor-section-height-default\" data-id=\"4835c28\" data-element_type=\"section\" data-e-type=\"section\">\n\t\t\t\t\t\t<div class=\"elementor-container elementor-column-gap-default\">\n\t\t\t\t\t<div class=\"elementor-column elementor-col-100 elementor-inner-column elementor-element elementor-element-2f71add\" data-id=\"2f71add\" data-element_type=\"column\" data-e-type=\"column\">\n\t\t\t<div class=\"elementor-widget-wrap elementor-element-populated\">\n\t\t\t\t\t\t<div class=\"elementor-element elementor-element-d0d71b6 elementor-widget elementor-widget-heading\" data-id=\"d0d71b6\" data-element_type=\"widget\" data-e-type=\"widget\" data-widget_type=\"heading.default\">\n\t\t\t\t<div class=\"elementor-widget-container\">\n\t\t\t\t\t<h3 class=\"elementor-heading-title elementor-size-default\">Respetamos su intimidad<\/h3>\t\t\t\t<\/div>\n\t\t\t\t<\/div>\n\t\t\t\t<div class=\"elementor-element elementor-element-726e3f1 elementor-widget elementor-widget-text-editor\" data-id=\"726e3f1\" data-element_type=\"widget\" data-e-type=\"widget\" data-widget_type=\"text-editor.default\">\n\t\t\t\t<div class=\"elementor-widget-container\">\n\t\t\t\t\t\t\t\t\t<div>Conscientes de su preocupaci\u00f3n por la protecci\u00f3n de su privacidad, hemos publicado esta pol\u00edtica de privacidad para informarle sobre los datos personales que recogemos, c\u00f3mo los tratamos, las opciones que tiene respecto al uso que hacemos de sus datos personales y c\u00f3mo puede acceder a ellos.<\/div><div>\u00a0<\/div><div>Esta pol\u00edtica de privacidad se aplica a la informaci\u00f3n personal que recopilamos a trav\u00e9s de este sitio web.<\/div><div>\u00a0<\/div><div><strong>Recogida y uso de informaci\u00f3n personal<\/strong><\/div><div>Puede navegar por nuestro sitio web sin darnos ninguna informaci\u00f3n personal.<\/div><div>Sin embargo, s\u00ed recogemos informaci\u00f3n personal si env\u00eda un comentario o una pregunta al Servicio de Atenci\u00f3n al Cliente por correo electr\u00f3nico o a trav\u00e9s de nuestro servicio de chat.<\/div><div>Servicio de atenci\u00f3n al cliente Cuando env\u00eda un comentario o una pregunta al servicio de atenci\u00f3n al cliente por correo electr\u00f3nico, podemos recopilar informaci\u00f3n personal como su nombre, direcci\u00f3n postal o de correo electr\u00f3nico y\/o n\u00famero de tel\u00e9fono para poder responder a su comentario o pregunta. Tambi\u00e9n recogemos diversos tipos de informaci\u00f3n que usted nos proporciona para poder responder a su pregunta.<\/div><div>\u00a0<\/div><div><strong>Divulgaci\u00f3n de informaci\u00f3n personal<\/strong><\/div><div>A menos que se especifique lo contrario en el presente documento, nos comprometemos a no divulgar, alquilar, vender ni transferir a terceros, ni intercambiar con terceros, ninguna informaci\u00f3n personal relativa a nuestros clientes sin su consentimiento previo.<\/div><div>\u00a0<\/div><div><strong>Proveedores de servicios<\/strong><\/div><div>Podemos compartir su informaci\u00f3n personal con terceros que presten servicios en nuestro nombre, como la tramitaci\u00f3n de pagos, el alojamiento de nuestro sitio web, el env\u00edo de correos electr\u00f3nicos u otras comunicaciones en nuestro nombre, la organizaci\u00f3n de concursos y promociones o el an\u00e1lisis de la eficacia de nuestra estrategia publicitaria. Sus datos personales pueden ser almacenados y procesados en Estados Unidos por nuestras filiales y terceros proveedores de servicios.<\/div><div>Estos proveedores de servicios est\u00e1n sujetos a acuerdos de confidencialidad y restricciones legales que rigen el uso que hacen de la informaci\u00f3n que les proporcionamos, y no est\u00e1n autorizados a utilizar o divulgar informaci\u00f3n personal para ning\u00fan otro fin que no sea el de prestar servicios en nuestro nombre o seg\u00fan lo exija la legislaci\u00f3n aplicable.<\/div><div>\u00a0<\/div><div><strong>Obligaciones legales<\/strong><\/div><div>Nosotros y nuestros proveedores de servicios podemos vernos obligados a revelar su informaci\u00f3n personal en respuesta a una orden de registro o a una investigaci\u00f3n u orden legal v\u00e1lida, o para responder a un organismo de investigaci\u00f3n en caso de incumplimiento de un acuerdo o contravenci\u00f3n de la ley, o seg\u00fan lo exija la legislaci\u00f3n aplicable.<\/div><div>\u00a0<\/div><div><strong>Seguridad de la informaci\u00f3n personal<\/strong><\/div><div>Sabemos que nuestros clientes conf\u00edan en nosotros para proteger su informaci\u00f3n personal. Nos lo tomamos muy en serio. Hemos tomado medidas para proteger la informaci\u00f3n personal bajo nuestra custodia y control. Por ejemplo, s\u00f3lo autorizamos el acceso a la informaci\u00f3n personal a aquellos de nuestros empleados y proveedores de servicios autorizados que necesitan esta informaci\u00f3n para los fines descritos en esta pol\u00edtica de privacidad.<\/div><div>No obstante lo anterior, debe ser consciente de que, lamentablemente, ninguna transmisi\u00f3n de datos por Internet puede considerarse absolutamente segura. En consecuencia, Transport BTI no declara ni garantiza que la informaci\u00f3n personal no se pierda, utilice indebidamente o altere, y Transport BTI no asume responsabilidad alguna por la informaci\u00f3n personal que usted transmita a Transport BTI ni por el uso o uso indebido de la informaci\u00f3n personal por su parte o por parte de terceros.<\/div><div>\u00a0<\/div><div><strong>Cambios en nuestra pol\u00edtica de privacidad<\/strong><\/div><div>Esta Pol\u00edtica de Privacidad puede ser actualizada de vez en cuando para reflejar los cambios en nuestras pr\u00e1cticas de privacidad. La Pol\u00edtica de Privacidad revisada se publicar\u00e1 en el Sitio Web. Trataremos su informaci\u00f3n personal de acuerdo con la Pol\u00edtica de Privacidad vigente en el momento de la recogida, o seg\u00fan lo acordado con usted.<\/div><div>\u00a0<\/div><div><strong>C\u00f3mo llegar<\/strong><\/div><div>Puede ponerse en contacto con nosotros en cualquier momento utilizando los datos de contacto que figuran a continuaci\u00f3n si tiene alguna pregunta o comentario sobre esta pol\u00edtica de privacidad, o si tiene alguna queja sobre la forma en que tratamos su informaci\u00f3n personal.<\/div><div>\u00a0<\/div><div><strong>Transporte BTI<\/strong><\/div><div>224 route 104, Mont-Saint-Gr\u00e9goire, QC, J0J 1K0<\/div><div>Tel\u00e9fono: (438) 870-0999<\/div><div>Tel\u00e9fono: (514) 656-8057<\/div><div>\u00a0<a class=\"text-primary\" href=\"mailto:info@transportbti.com\" target=\"_blank\" rel=\"noopener\">info@transportbti.com<\/a><\/div>\t\t\t\t\t\t\t\t<\/div>\n\t\t\t\t<\/div>\n\t\t\t\t\t<\/div>\n\t\t<\/div>\n\t\t\t\t\t<\/div>\n\t\t<\/section>\n\t\t\t\t\t<\/div>\n\t\t<\/div>\n\t\t\t\t\t<\/div>\n\t\t<\/section>\n\t\t\t\t<\/div>","protected":false},"excerpt":{"rendered":"<p>Politique de confidentialit\u00e9 Chez Transport BTI, nous avons le respect du client \u00e0 c\u0153ur Priv\u00e9 Nous respectons votre vie priv\u00e9 Conscients de vos pr\u00e9occupations au sujet de la protection de votre vie priv\u00e9e, nous avons affich\u00e9 cette politique de confidentialit\u00e9 afin de vous informer au sujet des renseignements personnels que nous recueillons, de la mani\u00e8re [&hellip;]<\/p>\n","protected":false},"author":1,"featured_media":0,"parent":0,"menu_order":0,"comment_status":"closed","ping_status":"closed","template":"","meta":{"footnotes":""},"class_list":["post-1731","page","type-page","status-publish","hentry"],"yoast_head":"<!-- This site is optimized with the Yoast SEO plugin v27.1.1 - https:\/\/yoast.com\/product\/yoast-seo-wordpress\/ -->\n<title>Politique de confidentialit\u00e9 - Transport BTI<\/title>\n<meta name=\"robots\" content=\"index, follow, max-snippet:-1, max-image-preview:large, max-video-preview:-1\" \/>\n<link rel=\"canonical\" href=\"https:\/\/transportbti.com\/es\/politica-de-privacidad\/\" \/>\n<meta property=\"og:locale\" content=\"es_MX\" \/>\n<meta property=\"og:type\" content=\"article\" \/>\n<meta property=\"og:title\" content=\"Politique de confidentialit\u00e9 - Transport BTI\" \/>\n<meta property=\"og:description\" content=\"Politique de confidentialit\u00e9 Chez Transport BTI, nous avons le respect du client \u00e0 c\u0153ur Priv\u00e9 Nous respectons votre vie priv\u00e9 Conscients de vos pr\u00e9occupations au sujet de la protection de votre vie priv\u00e9e, nous avons affich\u00e9 cette politique de confidentialit\u00e9 afin de vous informer au sujet des renseignements personnels que nous recueillons, de la mani\u00e8re [&hellip;]\" \/>\n<meta property=\"og:url\" content=\"https:\/\/transportbti.com\/es\/politica-de-privacidad\/\" \/>\n<meta property=\"og:site_name\" content=\"Transport BTI\" \/>\n<meta property=\"article:modified_time\" content=\"2023-10-23T17:51:09+00:00\" \/>\n<meta name=\"twitter:card\" content=\"summary_large_image\" \/>\n<meta name=\"twitter:label1\" content=\"Tiempo de lectura\" \/>\n\t<meta name=\"twitter:data1\" content=\"4 minutos\" \/>\n<script type=\"application\/ld+json\" class=\"yoast-schema-graph\">{\"@context\":\"https:\/\/schema.org\",\"@graph\":[{\"@type\":\"WebPage\",\"@id\":\"https:\/\/transportbti.com\/es\/politica-de-privacidad\/\",\"url\":\"https:\/\/transportbti.com\/es\/politica-de-privacidad\/\",\"name\":\"Politique de confidentialit\u00e9 - Transport BTI\",\"isPartOf\":{\"@id\":\"https:\/\/transportbti.com\/#website\"},\"datePublished\":\"2023-10-23T17:21:11+00:00\",\"dateModified\":\"2023-10-23T17:51:09+00:00\",\"breadcrumb\":{\"@id\":\"https:\/\/transportbti.com\/es\/politica-de-privacidad\/#breadcrumb\"},\"inLanguage\":\"es\",\"potentialAction\":[{\"@type\":\"ReadAction\",\"target\":[\"https:\/\/transportbti.com\/es\/politica-de-privacidad\/\"]}]},{\"@type\":\"BreadcrumbList\",\"@id\":\"https:\/\/transportbti.com\/es\/politica-de-privacidad\/#breadcrumb\",\"itemListElement\":[{\"@type\":\"ListItem\",\"position\":1,\"name\":\"Accueil\",\"item\":\"https:\/\/transportbti.com\/\"},{\"@type\":\"ListItem\",\"position\":2,\"name\":\"Politique de confidentialit\u00e9\"}]},{\"@type\":\"WebSite\",\"@id\":\"https:\/\/transportbti.com\/#website\",\"url\":\"https:\/\/transportbti.com\/\",\"name\":\"Transport BTI\",\"description\":\"Partenaire logistique\",\"publisher\":{\"@id\":\"https:\/\/transportbti.com\/#organization\"},\"potentialAction\":[{\"@type\":\"SearchAction\",\"target\":{\"@type\":\"EntryPoint\",\"urlTemplate\":\"https:\/\/transportbti.com\/?s={search_term_string}\"},\"query-input\":{\"@type\":\"PropertyValueSpecification\",\"valueRequired\":true,\"valueName\":\"search_term_string\"}}],\"inLanguage\":\"es\"},{\"@type\":\"Organization\",\"@id\":\"https:\/\/transportbti.com\/#organization\",\"name\":\"Transport BTI\",\"url\":\"https:\/\/transportbti.com\/\",\"logo\":{\"@type\":\"ImageObject\",\"inLanguage\":\"es\",\"@id\":\"https:\/\/transportbti.com\/#\/schema\/logo\/image\/\",\"url\":\"https:\/\/i0.wp.com\/transportbti.com\/wp-content\/uploads\/2023\/11\/compagnie-transport-logistique.png?fit=1366%2C768&ssl=1\",\"contentUrl\":\"https:\/\/i0.wp.com\/transportbti.com\/wp-content\/uploads\/2023\/11\/compagnie-transport-logistique.png?fit=1366%2C768&ssl=1\",\"width\":1366,\"height\":768,\"caption\":\"Transport BTI\"},\"image\":{\"@id\":\"https:\/\/transportbti.com\/#\/schema\/logo\/image\/\"}}]}<\/script>\n<!-- \/ Yoast SEO plugin. -->","yoast_head_json":{"title":"Pol\u00edtica de privacidad - Transport BTI","robots":{"index":"index","follow":"follow","max-snippet":"max-snippet:-1","max-image-preview":"max-image-preview:large","max-video-preview":"max-video-preview:-1"},"canonical":"https:\/\/transportbti.com\/es\/politica-de-privacidad\/","og_locale":"es_MX","og_type":"article","og_title":"Politique de confidentialit\u00e9 - Transport BTI","og_description":"Politique de confidentialit\u00e9 Chez Transport BTI, nous avons le respect du client \u00e0 c\u0153ur Priv\u00e9 Nous respectons votre vie priv\u00e9 Conscients de vos pr\u00e9occupations au sujet de la protection de votre vie priv\u00e9e, nous avons affich\u00e9 cette politique de confidentialit\u00e9 afin de vous informer au sujet des renseignements personnels que nous recueillons, de la mani\u00e8re [&hellip;]","og_url":"https:\/\/transportbti.com\/es\/politica-de-privacidad\/","og_site_name":"Transport BTI","article_modified_time":"2023-10-23T17:51:09+00:00","twitter_card":"summary_large_image","twitter_misc":{"Tiempo de lectura":"4 minutos"},"schema":{"@context":"https:\/\/schema.org","@graph":[{"@type":"WebPage","@id":"https:\/\/transportbti.com\/es\/politica-de-privacidad\/","url":"https:\/\/transportbti.com\/es\/politica-de-privacidad\/","name":"Pol\u00edtica de privacidad - Transport BTI","isPartOf":{"@id":"https:\/\/transportbti.com\/#website"},"datePublished":"2023-10-23T17:21:11+00:00","dateModified":"2023-10-23T17:51:09+00:00","breadcrumb":{"@id":"https:\/\/transportbti.com\/es\/politica-de-privacidad\/#breadcrumb"},"inLanguage":"es","potentialAction":[{"@type":"ReadAction","target":["https:\/\/transportbti.com\/es\/politica-de-privacidad\/"]}]},{"@type":"BreadcrumbList","@id":"https:\/\/transportbti.com\/es\/politica-de-privacidad\/#breadcrumb","itemListElement":[{"@type":"ListItem","position":1,"name":"Accueil","item":"https:\/\/transportbti.com\/"},{"@type":"ListItem","position":2,"name":"Politique de confidentialit\u00e9"}]},{"@type":"WebSite","@id":"https:\/\/transportbti.com\/#website","url":"https:\/\/transportbti.com\/","name":"Transporte BTI","description":"Socio log\u00edstico","publisher":{"@id":"https:\/\/transportbti.com\/#organization"},"potentialAction":[{"@type":"SearchAction","target":{"@type":"EntryPoint","urlTemplate":"https:\/\/transportbti.com\/?s={search_term_string}"},"query-input":{"@type":"PropertyValueSpecification","valueRequired":true,"valueName":"search_term_string"}}],"inLanguage":"es"},{"@type":"Organization","@id":"https:\/\/transportbti.com\/#organization","name":"Transporte BTI","url":"https:\/\/transportbti.com\/","logo":{"@type":"ImageObject","inLanguage":"es","@id":"https:\/\/transportbti.com\/#\/schema\/logo\/image\/","url":"https:\/\/i0.wp.com\/transportbti.com\/wp-content\/uploads\/2023\/11\/compagnie-transport-logistique.png?fit=1366%2C768&ssl=1","contentUrl":"https:\/\/i0.wp.com\/transportbti.com\/wp-content\/uploads\/2023\/11\/compagnie-transport-logistique.png?fit=1366%2C768&ssl=1","width":1366,"height":768,"caption":"Transport BTI"},"image":{"@id":"https:\/\/transportbti.com\/#\/schema\/logo\/image\/"}}]}},"jetpack_sharing_enabled":true,"_links":{"self":[{"href":"https:\/\/transportbti.com\/es\/wp-json\/wp\/v2\/pages\/1731","targetHints":{"allow":["GET"]}}],"collection":[{"href":"https:\/\/transportbti.com\/es\/wp-json\/wp\/v2\/pages"}],"about":[{"href":"https:\/\/transportbti.com\/es\/wp-json\/wp\/v2\/types\/page"}],"author":[{"embeddable":true,"href":"https:\/\/transportbti.com\/es\/wp-json\/wp\/v2\/users\/1"}],"replies":[{"embeddable":true,"href":"https:\/\/transportbti.com\/es\/wp-json\/wp\/v2\/comments?post=1731"}],"version-history":[{"count":7,"href":"https:\/\/transportbti.com\/es\/wp-json\/wp\/v2\/pages\/1731\/revisions"}],"predecessor-version":[{"id":1751,"href":"https:\/\/transportbti.com\/es\/wp-json\/wp\/v2\/pages\/1731\/revisions\/1751"}],"wp:attachment":[{"href":"https:\/\/transportbti.com\/es\/wp-json\/wp\/v2\/media?parent=1731"}],"curies":[{"name":"wp","href":"https:\/\/api.w.org\/{rel}","templated":true}]}}