{"id":1738,"date":"2023-10-23T17:38:40","date_gmt":"2023-10-23T17:38:40","guid":{"rendered":"https:\/\/transportbti.com\/?page_id=1738"},"modified":"2023-11-08T19:29:06","modified_gmt":"2023-11-08T19:29:06","slug":"condiciones","status":"publish","type":"page","link":"https:\/\/transportbti.com\/es\/termes-conditions\/","title":{"rendered":"Condiciones generales"},"content":{"rendered":"<div data-elementor-type=\"wp-page\" data-elementor-id=\"1738\" class=\"elementor elementor-1738\" data-elementor-post-type=\"page\">\n\t\t\t\t\t\t<section class=\"elementor-section elementor-top-section elementor-element elementor-element-4c2633a elementor-section-content-middle elementor-section-height-min-height elementor-section-boxed elementor-section-height-default elementor-section-items-middle\" data-id=\"4c2633a\" data-element_type=\"section\" data-e-type=\"section\" data-settings=\"{&quot;background_background&quot;:&quot;classic&quot;}\">\n\t\t\t\t\t\t\t<div class=\"elementor-background-overlay\"><\/div>\n\t\t\t\t\t\t\t<div class=\"elementor-container elementor-column-gap-wider\">\n\t\t\t\t\t<div class=\"elementor-column elementor-col-100 elementor-top-column elementor-element elementor-element-7d09cc0\" data-id=\"7d09cc0\" data-element_type=\"column\" data-e-type=\"column\">\n\t\t\t<div class=\"elementor-widget-wrap elementor-element-populated\">\n\t\t\t\t\t\t<div class=\"elementor-element elementor-element-1a1c965 elementor-invisible elementor-widget elementor-widget-heading\" data-id=\"1a1c965\" data-element_type=\"widget\" data-e-type=\"widget\" data-settings=\"{&quot;_animation&quot;:&quot;fadeInLeft&quot;}\" data-widget_type=\"heading.default\">\n\t\t\t\t<div class=\"elementor-widget-container\">\n\t\t\t\t\t<h1 class=\"elementor-heading-title elementor-size-default\">Condiciones generales<\/h1>\t\t\t\t<\/div>\n\t\t\t\t<\/div>\n\t\t\t\t\t<\/div>\n\t\t<\/div>\n\t\t\t\t\t<\/div>\n\t\t<\/section>\n\t\t\t\t<section class=\"elementor-section elementor-top-section elementor-element elementor-element-03a3195 elementor-section-boxed elementor-section-height-default elementor-section-height-default\" data-id=\"03a3195\" data-element_type=\"section\" data-e-type=\"section\">\n\t\t\t\t\t\t<div class=\"elementor-container elementor-column-gap-default\">\n\t\t\t\t\t<div class=\"elementor-column elementor-col-100 elementor-top-column elementor-element elementor-element-f04332d elementor-invisible\" data-id=\"f04332d\" data-element_type=\"column\" data-e-type=\"column\" data-settings=\"{&quot;animation&quot;:&quot;slideInLeft&quot;}\">\n\t\t\t<div class=\"elementor-widget-wrap elementor-element-populated\">\n\t\t\t\t\t\t<div class=\"elementor-element elementor-element-cfbbf30 elementor-widget elementor-widget-heading\" data-id=\"cfbbf30\" data-element_type=\"widget\" data-e-type=\"widget\" data-widget_type=\"heading.default\">\n\t\t\t\t<div class=\"elementor-widget-container\">\n\t\t\t\t\t<h2 class=\"elementor-heading-title elementor-size-default\">T\u00e9rminos<\/h2>\t\t\t\t<\/div>\n\t\t\t\t<\/div>\n\t\t\t\t<section class=\"elementor-section elementor-inner-section elementor-element elementor-element-15053f5 elementor-section-boxed elementor-section-height-default elementor-section-height-default\" data-id=\"15053f5\" data-element_type=\"section\" data-e-type=\"section\">\n\t\t\t\t\t\t<div class=\"elementor-container elementor-column-gap-default\">\n\t\t\t\t\t<div class=\"elementor-column elementor-col-100 elementor-inner-column elementor-element elementor-element-b2484cd\" data-id=\"b2484cd\" data-element_type=\"column\" data-e-type=\"column\">\n\t\t\t<div class=\"elementor-widget-wrap elementor-element-populated\">\n\t\t\t\t\t\t<div class=\"elementor-element elementor-element-c0a9c6c elementor-widget elementor-widget-heading\" data-id=\"c0a9c6c\" data-element_type=\"widget\" data-e-type=\"widget\" data-widget_type=\"heading.default\">\n\t\t\t\t<div class=\"elementor-widget-container\">\n\t\t\t\t\t<h3 class=\"elementor-heading-title elementor-size-default\">Condiciones generales<\/h3>\t\t\t\t<\/div>\n\t\t\t\t<\/div>\n\t\t\t\t<div class=\"elementor-element elementor-element-e1a0d72 elementor-widget elementor-widget-text-editor\" data-id=\"e1a0d72\" data-element_type=\"widget\" data-e-type=\"widget\" data-widget_type=\"text-editor.default\">\n\t\t\t\t<div class=\"elementor-widget-container\">\n\t\t\t\t\t\t\t\t\t<div><p>Transport BTI no se hace responsable de la p\u00e9rdida o da\u00f1o de la carga.<\/p><p>La responsabilidad de la p\u00e9rdida o da\u00f1o de la carga recae en el transportista implicado.<\/p><p>La responsabilidad m\u00e1xima del transportista es de 2,00$\/lb o 4,41$\/kg a menos que se indique un valor declarado en el conocimiento de embarque y se paguen gastos de flete adicionales.<\/p><p>En los casos en que Transport BTI pueda ser considerado responsable, la responsabilidad m\u00e1xima de Transport BTI por p\u00e9rdida o da\u00f1os a la carga es de 2,00$\/lb o 4,41$\/kg.<\/p><\/div>\t\t\t\t\t\t\t\t<\/div>\n\t\t\t\t<\/div>\n\t\t\t\t\t<\/div>\n\t\t<\/div>\n\t\t\t\t\t<\/div>\n\t\t<\/section>\n\t\t\t\t\t<\/div>\n\t\t<\/div>\n\t\t\t\t\t<\/div>\n\t\t<\/section>\n\t\t\t\t<section class=\"elementor-section elementor-top-section elementor-element elementor-element-bd59717 elementor-section-boxed elementor-section-height-default elementor-section-height-default\" data-id=\"bd59717\" data-element_type=\"section\" data-e-type=\"section\">\n\t\t\t\t\t\t<div class=\"elementor-container elementor-column-gap-default\">\n\t\t\t\t\t<div class=\"elementor-column elementor-col-100 elementor-top-column elementor-element elementor-element-7c986a1 elementor-invisible\" data-id=\"7c986a1\" data-element_type=\"column\" data-e-type=\"column\" data-settings=\"{&quot;animation&quot;:&quot;slideInLeft&quot;}\">\n\t\t\t<div class=\"elementor-widget-wrap elementor-element-populated\">\n\t\t\t\t\t\t<div class=\"elementor-element elementor-element-df7ef63 elementor-widget elementor-widget-heading\" data-id=\"df7ef63\" data-element_type=\"widget\" data-e-type=\"widget\" data-widget_type=\"heading.default\">\n\t\t\t\t<div class=\"elementor-widget-container\">\n\t\t\t\t\t<h2 class=\"elementor-heading-title elementor-size-default\">Condiciones<\/h2>\t\t\t\t<\/div>\n\t\t\t\t<\/div>\n\t\t\t\t<section class=\"elementor-section elementor-inner-section elementor-element elementor-element-a834be1 elementor-section-boxed elementor-section-height-default elementor-section-height-default\" data-id=\"a834be1\" data-element_type=\"section\" data-e-type=\"section\">\n\t\t\t\t\t\t<div class=\"elementor-container elementor-column-gap-default\">\n\t\t\t\t\t<div class=\"elementor-column elementor-col-100 elementor-inner-column elementor-element elementor-element-d2e9f34\" data-id=\"d2e9f34\" data-element_type=\"column\" data-e-type=\"column\">\n\t\t\t<div class=\"elementor-widget-wrap elementor-element-populated\">\n\t\t\t\t\t\t<div class=\"elementor-element elementor-element-1acc7cc elementor-widget elementor-widget-heading\" data-id=\"1acc7cc\" data-element_type=\"widget\" data-e-type=\"widget\" data-widget_type=\"heading.default\">\n\t\t\t\t<div class=\"elementor-widget-container\">\n\t\t\t\t\t<h3 class=\"elementor-heading-title elementor-size-default\">Condiciones de uso<\/h3>\t\t\t\t<\/div>\n\t\t\t\t<\/div>\n\t\t\t\t<div class=\"elementor-element elementor-element-3bfacfe elementor-widget elementor-widget-text-editor\" data-id=\"3bfacfe\" data-element_type=\"widget\" data-e-type=\"widget\" data-widget_type=\"text-editor.default\">\n\t\t\t\t<div class=\"elementor-widget-container\">\n\t\t\t\t\t\t\t\t\t<div>Bienvenido al sitio web de Transport BTI. Lea atentamente estas condiciones de uso del sitio web antes de utilizar el sitio web o los servicios. Al acceder y utilizar el sitio web o los servicios, acepta quedar vinculado por estas condiciones en su totalidad. Si no acepta estas condiciones de uso, no debe acceder al sitio web ni descargar ninguno de sus contenidos.<\/div><div>\u00a0<\/div><div><strong>Propiedad \/ Restricciones de uso\u00a0<\/strong><\/div><div>Transport BTI es el propietario y operador del Sitio Web. Todo el contenido, datos, gr\u00e1ficos, fotograf\u00edas, im\u00e1genes, sonidos, v\u00eddeos, software, marcas comerciales, marcas de servicio, nombres comerciales y otra informaci\u00f3n (colectivamente, el \"Contenido\") incluidos en este sitio web son propiedad de Transport BTI, sus filiales y\/o terceros licenciantes. El Contenido est\u00e1 protegido por las leyes canadienses e internacionales sobre derechos de autor y marcas comerciales.<\/div><div>\u00a0<\/div><div>Salvo lo dispuesto en el presente documento, usted no podr\u00e1 modificar, copiar, reproducir, publicar, mostrar, transmitir, distribuir, mostrar en pantalla, representar, transferir, vender o crear obras derivadas del Contenido sin el previo consentimiento expreso por escrito de Transport BTI. Usted podr\u00e1 descargar, imprimir y reproducir el Contenido para sus propios fines informativos, siempre que conserve todos los avisos de derechos de autor y otros derechos de propiedad contenidos en el Contenido, y que cite su URL. Queda terminantemente prohibida la reproducci\u00f3n total o parcial del Contenido en m\u00faltiples copias, con fines de reventa o distribuci\u00f3n, sin la autorizaci\u00f3n previa por escrito de Transport BTI. Si desea obtener una autorizaci\u00f3n por escrito para reproducir el contenido, p\u00f3ngase en contacto con nosotros en la siguiente direcci\u00f3n\u00a0<a class=\"text-primary\" href=\"mailto:info@transportbti.com\" target=\"_blank\" rel=\"noopener\">info@transportbti.com\u00a0<\/a><\/div><div>\u00a0<\/div><div><strong>Descargo de responsabilidad \/ Limitaci\u00f3n de responsabilidad<\/strong><\/div><div>Aunque hacemos todo lo posible por actualizar y mantener al d\u00eda el contenido del sitio web, pueden producirse errores u omisiones.<\/div><div>En consecuencia, este sitio, incluidos el contenido y los servicios que ofrece, se le proporciona \"tal cual\" y sin garant\u00edas de ning\u00fan tipo, ya sean expresas o impl\u00edcitas. Transport BTI renuncia a todas las garant\u00edas, expresas o impl\u00edcitas, incluidas, entre otras, las garant\u00edas y condiciones impl\u00edcitas de comerciabilidad, idoneidad para un fin determinado y no infracci\u00f3n. Transport BTI no garantiza que las funciones contenidas en su sitio sean ininterrumpidas o est\u00e9n libres de errores, virus u otros componentes da\u00f1inos.\u00a0<\/div><div>\u00a0<\/div><div>En ning\u00fan caso Transport BTI ser\u00e1 responsable de ning\u00fan da\u00f1o directo, indirecto, incidental, especial o consecuente que surja de o en relaci\u00f3n con el uso de este sitio web o el contenido o los servicios o la imposibilidad de utilizar los mismos, incluso si Transport BTI ha sido advertido de la posibilidad de tales da\u00f1os. Es posible que la legislaci\u00f3n aplicable no permita la limitaci\u00f3n o exclusi\u00f3n de responsabilidad por da\u00f1os incidentales o consecuentes, por lo que es posible que la limitaci\u00f3n o exclusi\u00f3n anterior NO SE APLIQUE A USTED.<\/div><div>\u00a0<\/div><div><strong>Confidencialidad de la informaci\u00f3n personal<\/strong><\/div><div>Transport BTI respeta su derecho a la privacidad de su informaci\u00f3n personal. Consulte nuestra Pol\u00edtica de privacidad para obtener m\u00e1s informaci\u00f3n sobre c\u00f3mo recopilamos, utilizamos, divulgamos y gestionamos de otro modo su informaci\u00f3n personal.<\/div><div>\u00a0<\/div><div><strong>Legislaci\u00f3n aplicable\u00a0<\/strong><\/div><div>Estas Condiciones de uso se regir\u00e1n e interpretar\u00e1n de conformidad con las leyes de la provincia y las leyes del pa\u00eds aplicables en la misma y cualquier disputa se someter\u00e1 a un tribunal de jurisdicci\u00f3n competente en el distrito judicial de la Ciudad donde se firm\u00f3 el acuerdo. Si alguna disposici\u00f3n de estas Condiciones de uso fuera ilegal, nula o, por cualquier motivo, inaplicable, dicha disposici\u00f3n se separar\u00e1 de estas Condiciones de uso y no afectar\u00e1 a la validez y aplicabilidad de las disposiciones restantes.\u00a0<\/div><div>Estas Condiciones de uso y cualquier otro aviso legal o declaraci\u00f3n publicada en el Sitio Web constituyen el acuerdo completo entre usted y Transport BTI con respecto al uso del Sitio Web, incluido el Contenido.\u00a0<\/div><div>\u00a0<\/div><div><strong>Folleto informativo\u00a0<\/strong><\/div><div>Si tiene alguna pregunta o comentario sobre estas condiciones de uso, p\u00f3ngase en contacto con\u00a0<a class=\"text-warning\" href=\"mailto:info@transportbti.com\" target=\"_blank\" rel=\"noopener\">info@transportbti.com<\/a>\u00a0<\/div>\t\t\t\t\t\t\t\t<\/div>\n\t\t\t\t<\/div>\n\t\t\t\t\t<\/div>\n\t\t<\/div>\n\t\t\t\t\t<\/div>\n\t\t<\/section>\n\t\t\t\t\t<\/div>\n\t\t<\/div>\n\t\t\t\t\t<\/div>\n\t\t<\/section>\n\t\t\t\t<\/div>","protected":false},"excerpt":{"rendered":"<p>Termes et conditions Termes Termes et conditions Transport BTI n\u2019est pas responsable des pertes ou dommages caus\u00e9s \u00e0 la cargaison. La responsabilit\u00e9 de la perte ou de l\u2019endommagement de la cargaison incombe au transporteur engag\u00e9. La responsabilit\u00e9 maximale du transporteur est 2.00$\/lb ou 4.41$\/kg \u00e0 moins qu\u2019une valeur d\u00e9clar\u00e9e ne figure au connaissement et que [&hellip;]<\/p>\n","protected":false},"author":1,"featured_media":0,"parent":0,"menu_order":0,"comment_status":"closed","ping_status":"closed","template":"","meta":{"footnotes":""},"class_list":["post-1738","page","type-page","status-publish","hentry"],"yoast_head":"<!-- This site is optimized with the Yoast SEO plugin v27.1.1 - https:\/\/yoast.com\/product\/yoast-seo-wordpress\/ -->\n<title>Termes et conditions - Transport BTI<\/title>\n<meta name=\"robots\" content=\"index, follow, max-snippet:-1, max-image-preview:large, max-video-preview:-1\" \/>\n<link rel=\"canonical\" href=\"https:\/\/transportbti.com\/es\/condiciones\/\" \/>\n<meta property=\"og:locale\" content=\"es_MX\" \/>\n<meta property=\"og:type\" content=\"article\" \/>\n<meta property=\"og:title\" content=\"Termes et conditions - Transport BTI\" \/>\n<meta property=\"og:description\" content=\"Termes et conditions Termes Termes et conditions Transport BTI n\u2019est pas responsable des pertes ou dommages caus\u00e9s \u00e0 la cargaison. La responsabilit\u00e9 de la perte ou de l\u2019endommagement de la cargaison incombe au transporteur engag\u00e9. La responsabilit\u00e9 maximale du transporteur est 2.00$\/lb ou 4.41$\/kg \u00e0 moins qu\u2019une valeur d\u00e9clar\u00e9e ne figure au connaissement et que [&hellip;]\" \/>\n<meta property=\"og:url\" content=\"https:\/\/transportbti.com\/es\/condiciones\/\" \/>\n<meta property=\"og:site_name\" content=\"Transport BTI\" \/>\n<meta property=\"article:modified_time\" content=\"2023-11-08T19:29:06+00:00\" \/>\n<meta name=\"twitter:card\" content=\"summary_large_image\" \/>\n<meta name=\"twitter:label1\" content=\"Tiempo de lectura\" \/>\n\t<meta name=\"twitter:data1\" content=\"4 minutos\" \/>\n<script type=\"application\/ld+json\" class=\"yoast-schema-graph\">{\"@context\":\"https:\/\/schema.org\",\"@graph\":[{\"@type\":\"WebPage\",\"@id\":\"https:\/\/transportbti.com\/termes-conditions\/\",\"url\":\"https:\/\/transportbti.com\/termes-conditions\/\",\"name\":\"Termes et conditions - Transport BTI\",\"isPartOf\":{\"@id\":\"https:\/\/transportbti.com\/#website\"},\"datePublished\":\"2023-10-23T17:38:40+00:00\",\"dateModified\":\"2023-11-08T19:29:06+00:00\",\"breadcrumb\":{\"@id\":\"https:\/\/transportbti.com\/termes-conditions\/#breadcrumb\"},\"inLanguage\":\"es\",\"potentialAction\":[{\"@type\":\"ReadAction\",\"target\":[\"https:\/\/transportbti.com\/termes-conditions\/\"]}]},{\"@type\":\"BreadcrumbList\",\"@id\":\"https:\/\/transportbti.com\/termes-conditions\/#breadcrumb\",\"itemListElement\":[{\"@type\":\"ListItem\",\"position\":1,\"name\":\"Accueil\",\"item\":\"https:\/\/transportbti.com\/\"},{\"@type\":\"ListItem\",\"position\":2,\"name\":\"Termes et conditions\"}]},{\"@type\":\"WebSite\",\"@id\":\"https:\/\/transportbti.com\/#website\",\"url\":\"https:\/\/transportbti.com\/\",\"name\":\"Transport BTI\",\"description\":\"Partenaire logistique\",\"publisher\":{\"@id\":\"https:\/\/transportbti.com\/#organization\"},\"potentialAction\":[{\"@type\":\"SearchAction\",\"target\":{\"@type\":\"EntryPoint\",\"urlTemplate\":\"https:\/\/transportbti.com\/?s={search_term_string}\"},\"query-input\":{\"@type\":\"PropertyValueSpecification\",\"valueRequired\":true,\"valueName\":\"search_term_string\"}}],\"inLanguage\":\"es\"},{\"@type\":\"Organization\",\"@id\":\"https:\/\/transportbti.com\/#organization\",\"name\":\"Transport BTI\",\"url\":\"https:\/\/transportbti.com\/\",\"logo\":{\"@type\":\"ImageObject\",\"inLanguage\":\"es\",\"@id\":\"https:\/\/transportbti.com\/#\/schema\/logo\/image\/\",\"url\":\"https:\/\/i0.wp.com\/transportbti.com\/wp-content\/uploads\/2023\/11\/compagnie-transport-logistique.png?fit=1366%2C768&ssl=1\",\"contentUrl\":\"https:\/\/i0.wp.com\/transportbti.com\/wp-content\/uploads\/2023\/11\/compagnie-transport-logistique.png?fit=1366%2C768&ssl=1\",\"width\":1366,\"height\":768,\"caption\":\"Transport BTI\"},\"image\":{\"@id\":\"https:\/\/transportbti.com\/#\/schema\/logo\/image\/\"}}]}<\/script>\n<!-- \/ Yoast SEO plugin. -->","yoast_head_json":{"title":"Condiciones generales - IAV Transporte","robots":{"index":"index","follow":"follow","max-snippet":"max-snippet:-1","max-image-preview":"max-image-preview:large","max-video-preview":"max-video-preview:-1"},"canonical":"https:\/\/transportbti.com\/es\/condiciones\/","og_locale":"es_MX","og_type":"article","og_title":"Termes et conditions - Transport BTI","og_description":"Termes et conditions Termes Termes et conditions Transport BTI n\u2019est pas responsable des pertes ou dommages caus\u00e9s \u00e0 la cargaison. La responsabilit\u00e9 de la perte ou de l\u2019endommagement de la cargaison incombe au transporteur engag\u00e9. La responsabilit\u00e9 maximale du transporteur est 2.00$\/lb ou 4.41$\/kg \u00e0 moins qu\u2019une valeur d\u00e9clar\u00e9e ne figure au connaissement et que [&hellip;]","og_url":"https:\/\/transportbti.com\/es\/condiciones\/","og_site_name":"Transport BTI","article_modified_time":"2023-11-08T19:29:06+00:00","twitter_card":"summary_large_image","twitter_misc":{"Tiempo de lectura":"4 minutos"},"schema":{"@context":"https:\/\/schema.org","@graph":[{"@type":"WebPage","@id":"https:\/\/transportbti.com\/termes-conditions\/","url":"https:\/\/transportbti.com\/termes-conditions\/","name":"Condiciones generales - IAV Transporte","isPartOf":{"@id":"https:\/\/transportbti.com\/#website"},"datePublished":"2023-10-23T17:38:40+00:00","dateModified":"2023-11-08T19:29:06+00:00","breadcrumb":{"@id":"https:\/\/transportbti.com\/termes-conditions\/#breadcrumb"},"inLanguage":"es","potentialAction":[{"@type":"ReadAction","target":["https:\/\/transportbti.com\/termes-conditions\/"]}]},{"@type":"BreadcrumbList","@id":"https:\/\/transportbti.com\/termes-conditions\/#breadcrumb","itemListElement":[{"@type":"ListItem","position":1,"name":"Accueil","item":"https:\/\/transportbti.com\/"},{"@type":"ListItem","position":2,"name":"Termes et conditions"}]},{"@type":"WebSite","@id":"https:\/\/transportbti.com\/#website","url":"https:\/\/transportbti.com\/","name":"Transporte BTI","description":"Socio log\u00edstico","publisher":{"@id":"https:\/\/transportbti.com\/#organization"},"potentialAction":[{"@type":"SearchAction","target":{"@type":"EntryPoint","urlTemplate":"https:\/\/transportbti.com\/?s={search_term_string}"},"query-input":{"@type":"PropertyValueSpecification","valueRequired":true,"valueName":"search_term_string"}}],"inLanguage":"es"},{"@type":"Organization","@id":"https:\/\/transportbti.com\/#organization","name":"Transporte BTI","url":"https:\/\/transportbti.com\/","logo":{"@type":"ImageObject","inLanguage":"es","@id":"https:\/\/transportbti.com\/#\/schema\/logo\/image\/","url":"https:\/\/i0.wp.com\/transportbti.com\/wp-content\/uploads\/2023\/11\/compagnie-transport-logistique.png?fit=1366%2C768&ssl=1","contentUrl":"https:\/\/i0.wp.com\/transportbti.com\/wp-content\/uploads\/2023\/11\/compagnie-transport-logistique.png?fit=1366%2C768&ssl=1","width":1366,"height":768,"caption":"Transport BTI"},"image":{"@id":"https:\/\/transportbti.com\/#\/schema\/logo\/image\/"}}]}},"jetpack_sharing_enabled":true,"_links":{"self":[{"href":"https:\/\/transportbti.com\/es\/wp-json\/wp\/v2\/pages\/1738","targetHints":{"allow":["GET"]}}],"collection":[{"href":"https:\/\/transportbti.com\/es\/wp-json\/wp\/v2\/pages"}],"about":[{"href":"https:\/\/transportbti.com\/es\/wp-json\/wp\/v2\/types\/page"}],"author":[{"embeddable":true,"href":"https:\/\/transportbti.com\/es\/wp-json\/wp\/v2\/users\/1"}],"replies":[{"embeddable":true,"href":"https:\/\/transportbti.com\/es\/wp-json\/wp\/v2\/comments?post=1738"}],"version-history":[{"count":7,"href":"https:\/\/transportbti.com\/es\/wp-json\/wp\/v2\/pages\/1738\/revisions"}],"predecessor-version":[{"id":1981,"href":"https:\/\/transportbti.com\/es\/wp-json\/wp\/v2\/pages\/1738\/revisions\/1981"}],"wp:attachment":[{"href":"https:\/\/transportbti.com\/es\/wp-json\/wp\/v2\/media?parent=1738"}],"curies":[{"name":"wp","href":"https:\/\/api.w.org\/{rel}","templated":true}]}}