{"id":3043,"date":"2024-02-05T16:21:07","date_gmt":"2024-02-05T16:21:07","guid":{"rendered":"https:\/\/transportbti.com\/?page_id=3043"},"modified":"2024-02-29T21:23:37","modified_gmt":"2024-02-29T21:23:37","slug":"gracias","status":"publish","type":"page","link":"https:\/\/transportbti.com\/es\/merci\/","title":{"rendered":"Gracias"},"content":{"rendered":"<div data-elementor-type=\"wp-page\" data-elementor-id=\"3043\" class=\"elementor elementor-3043\" data-elementor-post-type=\"page\">\n\t\t\t\t\t\t<section class=\"elementor-section elementor-top-section elementor-element elementor-element-2d11140e elementor-section-height-min-height elementor-section-items-stretch elementor-section-boxed elementor-section-height-default\" data-id=\"2d11140e\" data-element_type=\"section\" data-e-type=\"section\" data-settings=\"{&quot;background_background&quot;:&quot;classic&quot;}\">\n\t\t\t\t\t\t\t<div class=\"elementor-background-overlay\"><\/div>\n\t\t\t\t\t\t\t<div class=\"elementor-container elementor-column-gap-default\">\n\t\t\t\t\t<div class=\"elementor-column elementor-col-100 elementor-top-column elementor-element elementor-element-3f310e8a\" data-id=\"3f310e8a\" data-element_type=\"column\" data-e-type=\"column\">\n\t\t\t<div class=\"elementor-widget-wrap elementor-element-populated\">\n\t\t\t\t\t\t<div class=\"elementor-element elementor-element-3ad4e8a7 animated-slow elementor-invisible elementor-widget elementor-widget-heading\" data-id=\"3ad4e8a7\" data-element_type=\"widget\" data-e-type=\"widget\" data-settings=\"{&quot;_animation&quot;:&quot;fadeInUp&quot;,&quot;_animation_delay&quot;:60}\" data-widget_type=\"heading.default\">\n\t\t\t\t<div class=\"elementor-widget-container\">\n\t\t\t\t\t<h1 class=\"elementor-heading-title elementor-size-default\">Gracias<\/h1>\t\t\t\t<\/div>\n\t\t\t\t<\/div>\n\t\t\t\t<div class=\"elementor-element elementor-element-7663fc86 animated-slow elementor-invisible elementor-widget elementor-widget-heading\" data-id=\"7663fc86\" data-element_type=\"widget\" data-e-type=\"widget\" data-settings=\"{&quot;_animation&quot;:&quot;fadeInUp&quot;,&quot;_animation_delay&quot;:30}\" data-widget_type=\"heading.default\">\n\t\t\t\t<div class=\"elementor-widget-container\">\n\t\t\t\t\t<h3 class=\"elementor-heading-title elementor-size-default\">Su formulario ha sido enviado. <\/h3>\t\t\t\t<\/div>\n\t\t\t\t<\/div>\n\t\t\t\t<div class=\"elementor-element elementor-element-8b6b2b4 elementor-widget elementor-widget-text-editor\" data-id=\"8b6b2b4\" data-element_type=\"widget\" data-e-type=\"widget\" data-widget_type=\"text-editor.default\">\n\t\t\t\t<div class=\"elementor-widget-container\">\n\t\t\t\t\t\t\t\t\t<p>Su solicitud ha sido recibida y est\u00e1 siendo procesada por nuestro equipo. Haremos todo lo posible por darle una respuesta lo antes posible.<\/p>\t\t\t\t\t\t\t\t<\/div>\n\t\t\t\t<\/div>\n\t\t\t\t\t<\/div>\n\t\t<\/div>\n\t\t\t\t\t<\/div>\n\t\t<\/section>\n\t\t\t\t<\/div>","protected":false},"excerpt":{"rendered":"<p>Gracias Su formulario ha sido enviado. Su solicitud ha sido recibida y est\u00e1 siendo procesada por nuestro equipo. Haremos todo lo posible para darle una respuesta lo antes posible.<\/p>","protected":false},"author":1,"featured_media":0,"parent":0,"menu_order":0,"comment_status":"closed","ping_status":"closed","template":"","meta":{"footnotes":""},"class_list":["post-3043","page","type-page","status-publish","hentry"],"yoast_head":"<!-- This site is optimized with the Yoast SEO plugin v27.1.1 - https:\/\/yoast.com\/product\/yoast-seo-wordpress\/ -->\n<title>Merci - Transport BTI<\/title>\n<meta name=\"robots\" content=\"index, follow, max-snippet:-1, max-image-preview:large, max-video-preview:-1\" \/>\n<link rel=\"canonical\" href=\"https:\/\/transportbti.com\/es\/gracias\/\" \/>\n<meta property=\"og:locale\" content=\"es_MX\" \/>\n<meta property=\"og:type\" content=\"article\" \/>\n<meta property=\"og:title\" content=\"Merci - Transport BTI\" \/>\n<meta property=\"og:description\" content=\"Merci Votre formulaire a bien \u00e9t\u00e9 envoy\u00e9. Votre demande a bien \u00e9t\u00e9 re\u00e7ue et notre \u00e9quipe s&#8217;emploie actuellement \u00e0 la traiter. Nous mettons tout en \u0153uvre pour vous fournir une r\u00e9ponse dans les plus brefs d\u00e9lais.\" \/>\n<meta property=\"og:url\" content=\"https:\/\/transportbti.com\/es\/gracias\/\" \/>\n<meta property=\"og:site_name\" content=\"Transport BTI\" \/>\n<meta property=\"article:modified_time\" content=\"2024-02-29T21:23:37+00:00\" \/>\n<meta name=\"twitter:card\" content=\"summary_large_image\" \/>\n<meta name=\"twitter:label1\" content=\"Tiempo de lectura\" \/>\n\t<meta name=\"twitter:data1\" content=\"1 minuto\" \/>\n<script type=\"application\/ld+json\" class=\"yoast-schema-graph\">{\"@context\":\"https:\/\/schema.org\",\"@graph\":[{\"@type\":\"WebPage\",\"@id\":\"https:\/\/transportbti.com\/merci\/\",\"url\":\"https:\/\/transportbti.com\/merci\/\",\"name\":\"Merci - Transport BTI\",\"isPartOf\":{\"@id\":\"https:\/\/transportbti.com\/#website\"},\"datePublished\":\"2024-02-05T16:21:07+00:00\",\"dateModified\":\"2024-02-29T21:23:37+00:00\",\"breadcrumb\":{\"@id\":\"https:\/\/transportbti.com\/merci\/#breadcrumb\"},\"inLanguage\":\"es\",\"potentialAction\":[{\"@type\":\"ReadAction\",\"target\":[\"https:\/\/transportbti.com\/merci\/\"]}]},{\"@type\":\"BreadcrumbList\",\"@id\":\"https:\/\/transportbti.com\/merci\/#breadcrumb\",\"itemListElement\":[{\"@type\":\"ListItem\",\"position\":1,\"name\":\"Accueil\",\"item\":\"https:\/\/transportbti.com\/\"},{\"@type\":\"ListItem\",\"position\":2,\"name\":\"Merci\"}]},{\"@type\":\"WebSite\",\"@id\":\"https:\/\/transportbti.com\/#website\",\"url\":\"https:\/\/transportbti.com\/\",\"name\":\"Transport BTI\",\"description\":\"Partenaire logistique\",\"publisher\":{\"@id\":\"https:\/\/transportbti.com\/#organization\"},\"potentialAction\":[{\"@type\":\"SearchAction\",\"target\":{\"@type\":\"EntryPoint\",\"urlTemplate\":\"https:\/\/transportbti.com\/?s={search_term_string}\"},\"query-input\":{\"@type\":\"PropertyValueSpecification\",\"valueRequired\":true,\"valueName\":\"search_term_string\"}}],\"inLanguage\":\"es\"},{\"@type\":\"Organization\",\"@id\":\"https:\/\/transportbti.com\/#organization\",\"name\":\"Transport BTI\",\"url\":\"https:\/\/transportbti.com\/\",\"logo\":{\"@type\":\"ImageObject\",\"inLanguage\":\"es\",\"@id\":\"https:\/\/transportbti.com\/#\/schema\/logo\/image\/\",\"url\":\"https:\/\/i0.wp.com\/transportbti.com\/wp-content\/uploads\/2023\/11\/compagnie-transport-logistique.png?fit=1366%2C768&ssl=1\",\"contentUrl\":\"https:\/\/i0.wp.com\/transportbti.com\/wp-content\/uploads\/2023\/11\/compagnie-transport-logistique.png?fit=1366%2C768&ssl=1\",\"width\":1366,\"height\":768,\"caption\":\"Transport BTI\"},\"image\":{\"@id\":\"https:\/\/transportbti.com\/#\/schema\/logo\/image\/\"}}]}<\/script>\n<!-- \/ Yoast SEO plugin. -->","yoast_head_json":{"title":"Gracias - Transport BTI","robots":{"index":"index","follow":"follow","max-snippet":"max-snippet:-1","max-image-preview":"max-image-preview:large","max-video-preview":"max-video-preview:-1"},"canonical":"https:\/\/transportbti.com\/es\/gracias\/","og_locale":"es_MX","og_type":"article","og_title":"Merci - Transport BTI","og_description":"Merci Votre formulaire a bien \u00e9t\u00e9 envoy\u00e9. Votre demande a bien \u00e9t\u00e9 re\u00e7ue et notre \u00e9quipe s&#8217;emploie actuellement \u00e0 la traiter. Nous mettons tout en \u0153uvre pour vous fournir une r\u00e9ponse dans les plus brefs d\u00e9lais.","og_url":"https:\/\/transportbti.com\/es\/gracias\/","og_site_name":"Transport BTI","article_modified_time":"2024-02-29T21:23:37+00:00","twitter_card":"summary_large_image","twitter_misc":{"Tiempo de lectura":"1 minuto"},"schema":{"@context":"https:\/\/schema.org","@graph":[{"@type":"WebPage","@id":"https:\/\/transportbti.com\/merci\/","url":"https:\/\/transportbti.com\/merci\/","name":"Gracias - Transport BTI","isPartOf":{"@id":"https:\/\/transportbti.com\/#website"},"datePublished":"2024-02-05T16:21:07+00:00","dateModified":"2024-02-29T21:23:37+00:00","breadcrumb":{"@id":"https:\/\/transportbti.com\/merci\/#breadcrumb"},"inLanguage":"es","potentialAction":[{"@type":"ReadAction","target":["https:\/\/transportbti.com\/merci\/"]}]},{"@type":"BreadcrumbList","@id":"https:\/\/transportbti.com\/merci\/#breadcrumb","itemListElement":[{"@type":"ListItem","position":1,"name":"Accueil","item":"https:\/\/transportbti.com\/"},{"@type":"ListItem","position":2,"name":"Merci"}]},{"@type":"WebSite","@id":"https:\/\/transportbti.com\/#website","url":"https:\/\/transportbti.com\/","name":"Transporte BTI","description":"Socio log\u00edstico","publisher":{"@id":"https:\/\/transportbti.com\/#organization"},"potentialAction":[{"@type":"SearchAction","target":{"@type":"EntryPoint","urlTemplate":"https:\/\/transportbti.com\/?s={search_term_string}"},"query-input":{"@type":"PropertyValueSpecification","valueRequired":true,"valueName":"search_term_string"}}],"inLanguage":"es"},{"@type":"Organization","@id":"https:\/\/transportbti.com\/#organization","name":"Transporte BTI","url":"https:\/\/transportbti.com\/","logo":{"@type":"ImageObject","inLanguage":"es","@id":"https:\/\/transportbti.com\/#\/schema\/logo\/image\/","url":"https:\/\/i0.wp.com\/transportbti.com\/wp-content\/uploads\/2023\/11\/compagnie-transport-logistique.png?fit=1366%2C768&ssl=1","contentUrl":"https:\/\/i0.wp.com\/transportbti.com\/wp-content\/uploads\/2023\/11\/compagnie-transport-logistique.png?fit=1366%2C768&ssl=1","width":1366,"height":768,"caption":"Transport BTI"},"image":{"@id":"https:\/\/transportbti.com\/#\/schema\/logo\/image\/"}}]}},"jetpack_sharing_enabled":true,"_links":{"self":[{"href":"https:\/\/transportbti.com\/es\/wp-json\/wp\/v2\/pages\/3043","targetHints":{"allow":["GET"]}}],"collection":[{"href":"https:\/\/transportbti.com\/es\/wp-json\/wp\/v2\/pages"}],"about":[{"href":"https:\/\/transportbti.com\/es\/wp-json\/wp\/v2\/types\/page"}],"author":[{"embeddable":true,"href":"https:\/\/transportbti.com\/es\/wp-json\/wp\/v2\/users\/1"}],"replies":[{"embeddable":true,"href":"https:\/\/transportbti.com\/es\/wp-json\/wp\/v2\/comments?post=3043"}],"version-history":[{"count":14,"href":"https:\/\/transportbti.com\/es\/wp-json\/wp\/v2\/pages\/3043\/revisions"}],"predecessor-version":[{"id":3182,"href":"https:\/\/transportbti.com\/es\/wp-json\/wp\/v2\/pages\/3043\/revisions\/3182"}],"wp:attachment":[{"href":"https:\/\/transportbti.com\/es\/wp-json\/wp\/v2\/media?parent=3043"}],"curies":[{"name":"wp","href":"https:\/\/api.w.org\/{rel}","templated":true}]}}